{"id":1178,"date":"2025-02-20T11:13:04","date_gmt":"2025-02-20T10:13:04","guid":{"rendered":"https:\/\/www.adegapateira.com\/?post_type=product&#038;p=1178"},"modified":"2026-02-05T15:40:57","modified_gmt":"2026-02-05T14:40:57","slug":"vino-rosal-pateira-copia-copia","status":"publish","type":"product","link":"https:\/\/www.adegapateira.com\/gl\/vinos-do-rosal\/vino-rosal-pateira-copia-copia\/","title":{"rendered":"Vi\u00f1o Rosal <br>&#8220;Pateira Ros\u00e9&#8221;"},"content":{"rendered":"<p><strong>Variedades aut\u00f3ctonas<\/strong> : Albari\u00f1o 40%, Loureira 50% e Treixadura 10%<br \/>\n<strong>Crianza:<\/strong> Barrica de aceiro inoxidable.<br \/>\n<strong>Graduaci\u00f3n:<\/strong> 12,5% vol<br \/>\n<strong>Vista:<\/strong> limpa e luminosa. Cor amarela p\u00e1lida con iridiscencia verdosa.<br \/>\n<strong>Nariz:<\/strong> Intenso, con notas florais, loureiro, bals\u00e1mico e an\u00eds.<br \/>\n<strong>Boca:<\/strong> Sedoso, moi fino e elegante, cun leve toque mineral. Longo e persistente.<br \/>\n<strong>Temperatura ideal de consumo:<\/strong> 10-12\u00baC.<\/p>\n","protected":false},"excerpt":{"rendered":"<h2 style=\"font-size: 16px;\">Vi\u00f1o Rosal elaborado de forma tradicional.<\/h2>\n<p>Un vi\u00f1o intenso e sedoso.<\/p>\n","protected":false},"featured_media":1180,"comment_status":"open","ping_status":"closed","template":"","meta":{"_joinchat":[]},"product_brand":[],"product_cat":[32],"product_tag":[],"class_list":{"0":"post-1178","1":"product","2":"type-product","3":"status-publish","4":"has-post-thumbnail","6":"product_cat-vinos-do-rosal","8":"first","9":"instock","10":"taxable","11":"shipping-taxable","12":"product-type-simple"},"yoast_head":"<!-- This site is optimized with the Yoast SEO plugin v25.4 - https:\/\/yoast.com\/wordpress\/plugins\/seo\/ -->\n<title>Comprar vi\u00f1o Pateira do Rosal - Adega Pateira<\/title>\n<meta name=\"description\" content=\"Comprar vi\u00f1o do Rosal rias baixas. A Pateira ou Rosal \u00e9 un vi\u00f1o Intenso e Sedoso, que se adapta a unha gran variedade de padais. Accede \u00e1 nosa tenda en li\u00f1a\" \/>\n<meta name=\"robots\" content=\"index, follow, max-snippet:-1, max-image-preview:large, max-video-preview:-1\" \/>\n<link rel=\"canonical\" href=\"https:\/\/www.adegapateira.com\/gl\/vinos-do-rosal\/vino-rosal-pateira-copia-copia\/\" \/>\n<meta property=\"og:locale\" content=\"gl_ES\" \/>\n<meta property=\"og:type\" content=\"article\" \/>\n<meta property=\"og:title\" content=\"Comprar vi\u00f1o Pateira do Rosal - Adega Pateira\" \/>\n<meta property=\"og:description\" content=\"Comprar vi\u00f1o do Rosal rias baixas. A Pateira ou Rosal \u00e9 un vi\u00f1o Intenso e Sedoso, que se adapta a unha gran variedade de padais. Accede \u00e1 nosa tenda en li\u00f1a\" \/>\n<meta property=\"og:url\" content=\"https:\/\/www.adegapateira.com\/gl\/vinos-do-rosal\/vino-rosal-pateira-copia-copia\/\" \/>\n<meta property=\"og:site_name\" content=\"Adega Pateira\" \/>\n<meta property=\"article:publisher\" content=\"https:\/\/www.facebook.com\/Adegapateira\/\" \/>\n<meta property=\"article:modified_time\" content=\"2026-02-05T14:40:57+00:00\" \/>\n<meta property=\"og:image\" content=\"https:\/\/www.adegapateira.com\/wp-content\/uploads\/2025\/02\/PATEIRA-ROSE.jpg\" \/>\n\t<meta property=\"og:image:width\" content=\"1024\" \/>\n\t<meta property=\"og:image:height\" content=\"1024\" \/>\n\t<meta property=\"og:image:type\" content=\"image\/jpeg\" \/>\n<meta name=\"twitter:card\" content=\"summary_large_image\" \/>\n<meta name=\"twitter:label1\" content=\"Tempo de lectura\" \/>\n\t<meta name=\"twitter:data1\" content=\"1 minuto\" \/>\n<script type=\"application\/ld+json\" class=\"yoast-schema-graph\">{\"@context\":\"https:\/\/schema.org\",\"@graph\":[{\"@type\":\"WebPage\",\"@id\":\"https:\/\/www.adegapateira.com\/gl\/vinos-do-rosal\/vino-rosal-pateira-copia-copia\/\",\"url\":\"https:\/\/www.adegapateira.com\/gl\/vinos-do-rosal\/vino-rosal-pateira-copia-copia\/\",\"name\":\"Comprar vi\u00f1o Pateira do Rosal - Adega Pateira\",\"isPartOf\":{\"@id\":\"https:\/\/www.adegapateira.com\/#website\"},\"primaryImageOfPage\":{\"@id\":\"https:\/\/www.adegapateira.com\/gl\/vinos-do-rosal\/vino-rosal-pateira-copia-copia\/#primaryimage\"},\"image\":{\"@id\":\"https:\/\/www.adegapateira.com\/gl\/vinos-do-rosal\/vino-rosal-pateira-copia-copia\/#primaryimage\"},\"thumbnailUrl\":\"https:\/\/www.adegapateira.com\/wp-content\/uploads\/2025\/02\/PATEIRA-ROSE.jpg\",\"datePublished\":\"2025-02-20T10:13:04+00:00\",\"dateModified\":\"2026-02-05T14:40:57+00:00\",\"description\":\"Comprar vi\u00f1o do Rosal rias baixas. A Pateira ou Rosal \u00e9 un vi\u00f1o Intenso e Sedoso, que se adapta a unha gran variedade de padais. Accede \u00e1 nosa tenda en li\u00f1a\",\"breadcrumb\":{\"@id\":\"https:\/\/www.adegapateira.com\/gl\/vinos-do-rosal\/vino-rosal-pateira-copia-copia\/#breadcrumb\"},\"inLanguage\":\"gl-ES\",\"potentialAction\":[{\"@type\":\"ReadAction\",\"target\":[\"https:\/\/www.adegapateira.com\/gl\/vinos-do-rosal\/vino-rosal-pateira-copia-copia\/\"]}]},{\"@type\":\"ImageObject\",\"inLanguage\":\"gl-ES\",\"@id\":\"https:\/\/www.adegapateira.com\/gl\/vinos-do-rosal\/vino-rosal-pateira-copia-copia\/#primaryimage\",\"url\":\"https:\/\/www.adegapateira.com\/wp-content\/uploads\/2025\/02\/PATEIRA-ROSE.jpg\",\"contentUrl\":\"https:\/\/www.adegapateira.com\/wp-content\/uploads\/2025\/02\/PATEIRA-ROSE.jpg\",\"width\":1024,\"height\":1024,\"caption\":\"Vino \u201cPateira Ros\u00e9\u201d\"},{\"@type\":\"BreadcrumbList\",\"@id\":\"https:\/\/www.adegapateira.com\/gl\/vinos-do-rosal\/vino-rosal-pateira-copia-copia\/#breadcrumb\",\"itemListElement\":[{\"@type\":\"ListItem\",\"position\":1,\"name\":\"Portada\",\"item\":\"https:\/\/www.adegapateira.com\/gl\/tenda\/\"},{\"@type\":\"ListItem\",\"position\":2,\"name\":\"Tienda\",\"item\":\"https:\/\/www.adegapateira.com\/\"},{\"@type\":\"ListItem\",\"position\":3,\"name\":\"Vi\u00f1o Rosal \u00abPateira Ros\u00e9\u00bb\"}]},{\"@type\":\"WebSite\",\"@id\":\"https:\/\/www.adegapateira.com\/#website\",\"url\":\"https:\/\/www.adegapateira.com\/\",\"name\":\"Adega Pateira\",\"description\":\"Bodega vino o Rosal, vino de autor\",\"publisher\":{\"@id\":\"https:\/\/www.adegapateira.com\/#organization\"},\"potentialAction\":[{\"@type\":\"SearchAction\",\"target\":{\"@type\":\"EntryPoint\",\"urlTemplate\":\"https:\/\/www.adegapateira.com\/?s={search_term_string}\"},\"query-input\":{\"@type\":\"PropertyValueSpecification\",\"valueRequired\":true,\"valueName\":\"search_term_string\"}}],\"inLanguage\":\"gl-ES\"},{\"@type\":\"Organization\",\"@id\":\"https:\/\/www.adegapateira.com\/#organization\",\"name\":\"Adega Pateira\",\"alternateName\":\"Adega Pateira\",\"url\":\"https:\/\/www.adegapateira.com\/\",\"logo\":{\"@type\":\"ImageObject\",\"inLanguage\":\"gl-ES\",\"@id\":\"https:\/\/www.adegapateira.com\/#\/schema\/logo\/image\/\",\"url\":\"https:\/\/www.adegapateira.com\/wp-content\/uploads\/2023\/01\/logo-adega-pateira-cuadrado.jpg\",\"contentUrl\":\"https:\/\/www.adegapateira.com\/wp-content\/uploads\/2023\/01\/logo-adega-pateira-cuadrado.jpg\",\"width\":209,\"height\":256,\"caption\":\"Adega Pateira\"},\"image\":{\"@id\":\"https:\/\/www.adegapateira.com\/#\/schema\/logo\/image\/\"},\"sameAs\":[\"https:\/\/www.facebook.com\/Adegapateira\/\",\"https:\/\/www.instagram.com\/adegapateira\/?hl=es\"]}]}<\/script>\n<!-- \/ Yoast SEO plugin. -->","yoast_head_json":{"title":"Comprar vi\u00f1o Pateira do Rosal - Adega Pateira","description":"Comprar vi\u00f1o do Rosal rias baixas. A Pateira ou Rosal \u00e9 un vi\u00f1o Intenso e Sedoso, que se adapta a unha gran variedade de padais. Accede \u00e1 nosa tenda en li\u00f1a","robots":{"index":"index","follow":"follow","max-snippet":"max-snippet:-1","max-image-preview":"max-image-preview:large","max-video-preview":"max-video-preview:-1"},"canonical":"https:\/\/www.adegapateira.com\/gl\/vinos-do-rosal\/vino-rosal-pateira-copia-copia\/","og_locale":"gl_ES","og_type":"article","og_title":"Comprar vi\u00f1o Pateira do Rosal - Adega Pateira","og_description":"Comprar vi\u00f1o do Rosal rias baixas. A Pateira ou Rosal \u00e9 un vi\u00f1o Intenso e Sedoso, que se adapta a unha gran variedade de padais. Accede \u00e1 nosa tenda en li\u00f1a","og_url":"https:\/\/www.adegapateira.com\/gl\/vinos-do-rosal\/vino-rosal-pateira-copia-copia\/","og_site_name":"Adega Pateira","article_publisher":"https:\/\/www.facebook.com\/Adegapateira\/","article_modified_time":"2026-02-05T14:40:57+00:00","og_image":[{"width":1024,"height":1024,"url":"https:\/\/www.adegapateira.com\/wp-content\/uploads\/2025\/02\/PATEIRA-ROSE.jpg","type":"image\/jpeg"}],"twitter_card":"summary_large_image","twitter_misc":{"Tempo de lectura":"1 minuto"},"schema":{"@context":"https:\/\/schema.org","@graph":[{"@type":"WebPage","@id":"https:\/\/www.adegapateira.com\/gl\/vinos-do-rosal\/vino-rosal-pateira-copia-copia\/","url":"https:\/\/www.adegapateira.com\/gl\/vinos-do-rosal\/vino-rosal-pateira-copia-copia\/","name":"Comprar vi\u00f1o Pateira do Rosal - Adega Pateira","isPartOf":{"@id":"https:\/\/www.adegapateira.com\/#website"},"primaryImageOfPage":{"@id":"https:\/\/www.adegapateira.com\/gl\/vinos-do-rosal\/vino-rosal-pateira-copia-copia\/#primaryimage"},"image":{"@id":"https:\/\/www.adegapateira.com\/gl\/vinos-do-rosal\/vino-rosal-pateira-copia-copia\/#primaryimage"},"thumbnailUrl":"https:\/\/www.adegapateira.com\/wp-content\/uploads\/2025\/02\/PATEIRA-ROSE.jpg","datePublished":"2025-02-20T10:13:04+00:00","dateModified":"2026-02-05T14:40:57+00:00","description":"Comprar vi\u00f1o do Rosal rias baixas. A Pateira ou Rosal \u00e9 un vi\u00f1o Intenso e Sedoso, que se adapta a unha gran variedade de padais. Accede \u00e1 nosa tenda en li\u00f1a","breadcrumb":{"@id":"https:\/\/www.adegapateira.com\/gl\/vinos-do-rosal\/vino-rosal-pateira-copia-copia\/#breadcrumb"},"inLanguage":"gl-ES","potentialAction":[{"@type":"ReadAction","target":["https:\/\/www.adegapateira.com\/gl\/vinos-do-rosal\/vino-rosal-pateira-copia-copia\/"]}]},{"@type":"ImageObject","inLanguage":"gl-ES","@id":"https:\/\/www.adegapateira.com\/gl\/vinos-do-rosal\/vino-rosal-pateira-copia-copia\/#primaryimage","url":"https:\/\/www.adegapateira.com\/wp-content\/uploads\/2025\/02\/PATEIRA-ROSE.jpg","contentUrl":"https:\/\/www.adegapateira.com\/wp-content\/uploads\/2025\/02\/PATEIRA-ROSE.jpg","width":1024,"height":1024,"caption":"Vino \u201cPateira Ros\u00e9\u201d"},{"@type":"BreadcrumbList","@id":"https:\/\/www.adegapateira.com\/gl\/vinos-do-rosal\/vino-rosal-pateira-copia-copia\/#breadcrumb","itemListElement":[{"@type":"ListItem","position":1,"name":"Portada","item":"https:\/\/www.adegapateira.com\/gl\/tenda\/"},{"@type":"ListItem","position":2,"name":"Tienda","item":"https:\/\/www.adegapateira.com\/"},{"@type":"ListItem","position":3,"name":"Vi\u00f1o Rosal \u00abPateira Ros\u00e9\u00bb"}]},{"@type":"WebSite","@id":"https:\/\/www.adegapateira.com\/#website","url":"https:\/\/www.adegapateira.com\/","name":"Adega Pateira","description":"Bodega vino o Rosal, vino de autor","publisher":{"@id":"https:\/\/www.adegapateira.com\/#organization"},"potentialAction":[{"@type":"SearchAction","target":{"@type":"EntryPoint","urlTemplate":"https:\/\/www.adegapateira.com\/?s={search_term_string}"},"query-input":{"@type":"PropertyValueSpecification","valueRequired":true,"valueName":"search_term_string"}}],"inLanguage":"gl-ES"},{"@type":"Organization","@id":"https:\/\/www.adegapateira.com\/#organization","name":"Adega Pateira","alternateName":"Adega Pateira","url":"https:\/\/www.adegapateira.com\/","logo":{"@type":"ImageObject","inLanguage":"gl-ES","@id":"https:\/\/www.adegapateira.com\/#\/schema\/logo\/image\/","url":"https:\/\/www.adegapateira.com\/wp-content\/uploads\/2023\/01\/logo-adega-pateira-cuadrado.jpg","contentUrl":"https:\/\/www.adegapateira.com\/wp-content\/uploads\/2023\/01\/logo-adega-pateira-cuadrado.jpg","width":209,"height":256,"caption":"Adega Pateira"},"image":{"@id":"https:\/\/www.adegapateira.com\/#\/schema\/logo\/image\/"},"sameAs":["https:\/\/www.facebook.com\/Adegapateira\/","https:\/\/www.instagram.com\/adegapateira\/?hl=es"]}]}},"_links":{"self":[{"href":"https:\/\/www.adegapateira.com\/gl\/wp-json\/wp\/v2\/product\/1178","targetHints":{"allow":["GET"]}}],"collection":[{"href":"https:\/\/www.adegapateira.com\/gl\/wp-json\/wp\/v2\/product"}],"about":[{"href":"https:\/\/www.adegapateira.com\/gl\/wp-json\/wp\/v2\/types\/product"}],"replies":[{"embeddable":true,"href":"https:\/\/www.adegapateira.com\/gl\/wp-json\/wp\/v2\/comments?post=1178"}],"wp:featuredmedia":[{"embeddable":true,"href":"https:\/\/www.adegapateira.com\/gl\/wp-json\/wp\/v2\/media\/1180"}],"wp:attachment":[{"href":"https:\/\/www.adegapateira.com\/gl\/wp-json\/wp\/v2\/media?parent=1178"}],"wp:term":[{"taxonomy":"product_brand","embeddable":true,"href":"https:\/\/www.adegapateira.com\/gl\/wp-json\/wp\/v2\/product_brand?post=1178"},{"taxonomy":"product_cat","embeddable":true,"href":"https:\/\/www.adegapateira.com\/gl\/wp-json\/wp\/v2\/product_cat?post=1178"},{"taxonomy":"product_tag","embeddable":true,"href":"https:\/\/www.adegapateira.com\/gl\/wp-json\/wp\/v2\/product_tag?post=1178"}],"curies":[{"name":"wp","href":"https:\/\/api.w.org\/{rel}","templated":true}]}}