{"id":617,"date":"2023-03-24T12:10:01","date_gmt":"2023-03-24T11:10:01","guid":{"rendered":"https:\/\/www.adegapateira.com\/condicions-xerais-de-compra-e-devolucions\/"},"modified":"2023-05-05T16:37:40","modified_gmt":"2023-05-05T14:37:40","slug":"condicions-xerais-de-compra-e-devolucions","status":"publish","type":"page","link":"https:\/\/www.adegapateira.com\/gl\/condicions-xerais-de-compra-e-devolucions\/","title":{"rendered":"Condici\u00f3ns xerais de compra e devoluci\u00f3ns"},"content":{"rendered":"\n<p>As presentes Condici\u00f3ns Xerais de Compra e a Pol\u00edtica de Privacidade regulan o uso do sitio web www.adegapateira.com (en diante \u201co sitio web\u201d) propiedade de Benito \u00c1lvarez G\u00e1ndara.<\/p>\n\n\n\n<p>A utilizaci\u00f3n por parte do cliente dos servizos de compra sup\u00f3n, en todo caso, o cumprimento das Condici\u00f3ns Xerais de Compra, integramente e sen ning\u00fan tipo de reserva, segundo a versi\u00f3n publicada no momento de realizar a correspondente transacci\u00f3n. En consecuencia, recom\u00e9ndase ao cliente que lea atentamente as presentes Condici\u00f3ns Xerais antes de realizar calquera compra. O usuario declara ser maior de idade e ter capacidade xur\u00eddica suficiente para estar obrigado polas presentes Condici\u00f3ns Xerais.<\/p>\n\n\n\n<p>Os artigos que se ofrecen nesta web son orixinais, sendo Adega Pateira a distribuidora oficial de todos os vi\u00f1os que comercializa.<\/p>\n\n\n\n<p>Adega Pateira&nbsp; res\u00e9rvase o dereito a actualizar, modificar ou eliminar en calquera momento e unilateralmente a oferta comercial contida na p\u00e1xina Web, que pode afectar aos prezos, promoci\u00f3ns, produtos e ofertas comerciais. Estas modificaci\u00f3ns non afectar\u00e1n aos contratos xa realizados, entend\u00e9ndose como tales os que fosen confirmados por&nbsp; Adega Pateira.<\/p>\n\n\n\n<p>Para calquera aclaraci\u00f3n ou consulta, non dubidedes en contactar connosco en info@adegapateira.com<\/p>\n\n\n\n<p><br>AMBITO DO CONTRATO<\/p>\n\n\n\n<p>As presentes Condici\u00f3ns Xerais de Compra apl\u00edcanse \u00e1 venda de todos os produtos anunciados por Adega Pateira a trav\u00e9s da s\u00faa p\u00e1xina web.<\/p>\n\n\n\n<p><br>COMO COMPRAR<\/p>\n\n\n\n<p>O usuario da p\u00e1xina Web poder\u00e1 navegar pola tenda Web de Adega Pateira e cubrir o carro da compra sen necesidade de estar rexistrado. S\u00f3 para finalizar a compra ser\u00e1 imprescindible que proporcione os datos obrigatorios para acceder aos datos de env\u00edo do pedido.<\/p>\n\n\n\n<p>Para atopar o artigo que queres, podes navegar por todas as secci\u00f3ns da nosa web. Premendo en calquera dos apartados atopar\u00e1s unha gran variedade de artigos, a s\u00faa descrici\u00f3n e o seu prezo correspondente. Se buscas un artigo en concreto, podes atopalo utilizando as diferentes opci\u00f3ns de busca, ou introducindo calquera texto. Non obstante, se a\u00ednda non atopa o que busca, p\u00f3\u00f1ase en contacto connosco e faremos todo o posible para conseguir o produto que necesita no menor tempo posible.<\/p>\n\n\n\n<p>Unha vez que te\u00f1as seleccionado o artigo que queres, s\u00f3 tes que premer o bot\u00f3n &#8220;ENGADIR AO CARRITO&#8221;. Cando se engade un produto \u00e1 cesta da compra, pode ver automaticamente o estado de toda a s\u00faa bolsa. Nese momento, pode optar por continuar a compra ou procesar o seu pedido. Se contin\u00faas comprando, a bolsa da compra estar\u00e1 visible en todo momento na parte superior dereita da pantalla. Premendo al\u00ed, poder\u00e1s ver todo o contido da bolsa da compra e mesmo modificala.<\/p>\n\n\n\n<p>Unha vez seleccionados os artigos que desexa adquirir, e facilitados os datos necesarios para o env\u00edo, acceder\u00e1 a un formulario con toda a informaci\u00f3n sobre as opci\u00f3ns de env\u00edo e pago. Unha vez recibida unha Orde de Compra, www.adegapateira.com enviar\u00e1 inmediatamente unha confirmaci\u00f3n de venda realizada ao enderezo de correo electr\u00f3nico indicado no Pedido de Compra.<\/p>\n\n\n\n<p><br>PREZO E FORMA DE PAGAMENTO<\/p>\n\n\n\n<p>Os prezos aplicables son os indicados na p\u00e1xina web na data de compra. Os prezos referidos incl\u00faen o IVE (Imposto sobre o Valor Engadido). Os gastos de env\u00edo son gratu\u00edtos para calquera pedido igual ou superior a 100 \u20ac.<\/p>\n\n\n\n<p>&nbsp;Prezos do transporte 1\u20ac\/Botella<\/p>\n\n\n\n<p>Adega Pateira res\u00e9rvase, sen previo aviso aos usuarios, o dereito a actualizar a informaci\u00f3n contida na p\u00e1xina web. Non obstante, de conformidade co disposto na Lei 37\/1992, do 28 de decembro, reguladora do devandito imposto, a operaci\u00f3n poder\u00e1 estar exenta ou non suxeita a ela en funci\u00f3n do pa\u00eds de residencia do comprador e da condici\u00f3n en que este act\u00fae. (empresario ou particular). En consecuencia, o prezo final nalg\u00fans casos pode variar do contemplado na p\u00e1xina web.<\/p>\n\n\n\n<p>Os pagos p\u00f3dense realizar con:<\/p>\n\n\n\n<ul class=\"wp-block-list\">\n<li>Tarxeta de d\u00e9bito, cr\u00e9dito (VISA ou MASTERCARD):&nbsp; Se seleccionas este m\u00e9todo de pago, acceder\u00e1s directamente ao noso TPV virtual, co fin de garantir a total seguridade do pago.<\/li>\n\n\n\n<li>Bizum: Se seleccionas este m\u00e9todo de pago acceder\u00e1s directamente \u00e1 p\u00e1xina oficial de Bizum, co fin de garantir a total seguridade do pago.<\/li>\n\n\n\n<li>PayPal:&nbsp; Se seleccionas este m\u00e9todo de pago, s\u00f3 tes que confirmar a t\u00faa conta de Paypal para o pago inmediato.<\/li>\n<\/ul>\n\n\n\n<p>Adega Pateira&nbsp; disp\u00f3n dos recursos necesarios para garantir a seguridade das s\u00faas compras e dos seus datos. A informaci\u00f3n relativa ao seu pedido, e especialmente o pago en li\u00f1a con tarxeta bancaria, est\u00e1 protexida. Toda a transacci\u00f3n real\u00edzase desde un servidor seguro, utilizando a tecnolox\u00eda de seguranza TLS (Transport Layer Security), e o seu n\u00famero de tarxeta aparecer\u00e1 cifrado.<\/p>\n\n\n\n<p><br>ENTREGA<\/p>\n\n\n\n<p>A entrega realizarase no enderezo indicado polo cliente en d\u00eda laborable e en horario de oficina, que poder\u00e1 ser diferente do seu domicilio habitual, podendo remitirse ao seu lugar de traballo ou mesmo a un terceiro ao que desexe. para dar un agasallo. Actualmente enviamos os teus pedidos a calquera lugar de Espa\u00f1a.<\/p>\n\n\n\n<p>O prazo de entrega ao que se fai referencia na p\u00e1xina web ser\u00e1 meramente orientativo, xa que depender\u00e1 da s\u00faa dispo\u00f1ibilidade. Non obstante, Adega Pateira adoptar\u00e1 as medidas oportunas para que se cumpran os prazos de entrega e se produzan no prazo sinalado.<\/p>\n\n\n\n<p>Pedidos realizados en d\u00edas laborables, sempre que haxa&nbsp; stock&nbsp; dispo\u00f1ibles, recibiraos en 48-72 horas, dependendo do momento en que se realice a compra. Para estes efectos, entenderanse d\u00edas h\u00e1biles de luns a venres, contados desde o momento do env\u00edo do pedido.<\/p>\n\n\n\n<p>En canto te\u00f1amos preparado o pedido, enviar\u00e9mosche un correo electr\u00f3nico inform\u00e1ndoche do n\u00famero de env\u00edo para que poidas rastrexalo a trav\u00e9s da p\u00e1xina web do transportista.<\/p>\n\n\n\n<p>O risco de perda ou deterioro do ben adquirido transmitirase ao Cliente, desde o momento da entrega do produto e da s\u00faa posesi\u00f3n f\u00edsica.<\/p>\n\n\n\n<p>Autor\u00edzanos expresamente a emitir factura electr\u00f3nica, a\u00ednda que pode indicar en calquera momento a s\u00faa disposici\u00f3n a recibir unha factura en papel, a trav\u00e9s do correo electr\u00f3nico <a href=\"mailto:info@adegapateira.com\">info@adegapateira.com<\/a><\/p>\n\n\n\n<p><br>RETIRADA<\/p>\n\n\n\n<p><strong>Ten dereito a desistir deste contrato nun prazo de 14 d\u00edas naturais contados desde a data de recepci\u00f3n dos produtos, sen necesidade de xustificaci\u00f3n.<\/strong>&nbsp; O per\u00edodo de retirada vencer\u00e1 \u00e1s&nbsp;<strong>14 d\u00edas<\/strong>&nbsp; d\u00edas naturais do d\u00eda en que vostede ou un terceiro, indicado por vostede, distinto do transportista, adquiriu a posesi\u00f3n material dos produtos. Para exercer o dereito de desistimento, deber\u00e1 comunicarnos a s\u00faa decisi\u00f3n de desistir do contrato mediante unha declaraci\u00f3n inequ\u00edvoca para Adega Pateira (como unha carta enviada por correo postal ou dende a tenda).&nbsp; en li\u00f1a&nbsp; dende Adega Pateira, accedendo a <a href=\"https:\/\/www.adegapateira.com\/gl\/contacto\/\">https:\/\/www.adegapateira.com\/contacto\/<\/a> ou enviando un correo electr\u00f3nico a info@adegapateira.com<\/p>\n\n\n\n<p>Para cumprir co prazo de desistimento, abonda con que a comunicaci\u00f3n relativa ao exercicio deste dereito se env\u00ede antes do vencemento do prazo correspondente.<\/p>\n\n\n\n<p><br>Correo Postal: B\u00e9nito \u00c1lvarez G\u00e1ndara C\/ Ram\u00f3n Franco n\u00ba3 Baixo, O Rosal, 36770, Pontevedra<br>Correo electr\u00f3nico: info@adegapateira.com<br><\/p>\n\n\n\n<p>Modelo de formulario de desistimento: (s\u00f3 debes cubrir e enviar este formulario se queres desistir do contrato)<br>Lembra indicar os seguintes datos:<br><br>&#8211; N\u00famero de pedido<br>&#8211; Elementos que desexa devolver<br>&#8211; Nome completo<br>&#8211; Fogar<br>&#8211; Data<br>&#8211; Sinatura<br><br><\/p>\n\n\n\n<p>Non se poder\u00e1 exercer o dereito de desistimento naqueles produtos que fosen abertos.<\/p>\n\n\n\n<p>Consecuencias da retirada:<\/p>\n\n\n\n<p>En caso de desistimento pola s\u00faa parte, devolveremos os pagamentos recibidos de vostede, sen dilaci\u00f3ns indebidas e, en todo caso, nun prazo m\u00e1ximo de 30 d\u00edas naturais contados desde a data en que se nos comunique a s\u00faa decisi\u00f3n de desistir deste contrato. Procederemos a efectuar o devandito reembolso utilizando o mesmo medio de pago utilizado por vostede para a transacci\u00f3n inicial,&nbsp; a non ser que te\u00f1a previsto expresamente o contrario; En calquera caso, non incorrer\u00e1 en ning\u00fan gasto como consecuencia do reembolso.<\/p>\n\n\n\n<p>Podemos reter o reembolso ata que recibamos os produtos.<\/p>\n\n\n\n<p>No momento da solicitude de devoluci\u00f3n, pode indicar como quere devolvernos ou entregarnos os produtos. Tes as seguintes opci\u00f3ns: (1) nunha das nosas tendas f\u00edsicas (Adega Pateira no Rosal) ou (2) a trav\u00e9s da empresa de mensaxer\u00eda a trav\u00e9s da que entregamos o teu pedido; sen dilaci\u00f3ns indebidas e, en todo caso, nun prazo m\u00e1ximo de 30 d\u00edas naturais contados desde a data en que nos comunique a s\u00faa decisi\u00f3n de desistir do contrato.<\/p>\n\n\n\n<p>Debe asumir o custo directo de devoluci\u00f3n dos produtos, \u00e9 dicir, o&nbsp; Gastos de env\u00edo&nbsp; ser\u00e1 responsabilidade do cliente.<\/p>\n\n\n\n<p><br>Requisitos<\/p>\n\n\n\n<p>Para exercer o dereito de desistimento, deber\u00e1 comunicarnos a s\u00faa decisi\u00f3n de desistir do contrato mediante unha declaraci\u00f3n inequ\u00edvoca para Adega Pateira (como unha carta enviada por correo postal ou dende a tenda).&nbsp; en li\u00f1a&nbsp; dende Adega Pateira, ou por correo electr\u00f3nico a info@adegapateira.com<\/p>\n\n\n\n<p>\u00c9 fundamental que os produtos a devolver estean en perfecto estado, con todos os seus complementos e a s\u00faa embalaxe orixinal, en caso contrario o ben sufrir\u00e1 unha depreciaci\u00f3n. De conformidade coas excepci\u00f3ns ao Dereito de Desistimento reguladas no RDL 1\/2007, non se admitir\u00e1 a devoluci\u00f3n daqueles produtos configurados a medida (personalizados).<br><br>S\u00f3 ser\u00e1 responsable da diminuci\u00f3n de valor da mercador\u00eda derivada de manipulaci\u00f3ns distintas \u00e1 necesaria para establecer a natureza, as caracter\u00edsticas e o funcionamento dos bens.<br><br>Unha vez recibida a mercador\u00eda e comprobado o seu estado, aboarase o importe correspondente mediante o medio de pagamento utilizado no pedido e, en todo caso, no prazo m\u00e1ximo de 30 d\u00edas naturais contados desde a data.<\/p>\n\n\n\n<p>De conformidade co Regulamento (UE) n.o 524\/2013 do Parlamento Europeo e do Consello, do 21 de maio de 2013, po\u00f1emos a disposici\u00f3n do cliente o seguinte enlace que permite o acceso ao&nbsp; <a href=\"https:\/\/ec.europa.eu\/consumers\/odr\/main\/index.cfm?event=main.home2.show&amp;lng=ES\" target=\"_blank\" rel=\"noreferrer noopener\">Plataforma de resoluci\u00f3n de litixios en li\u00f1a da Uni\u00f3n Europea.<\/a><\/p>\n\n\n\n<p><br>PRODUTOS ROTOS, DEFECTUOSOS OU INCORRECTOS<\/p>\n\n\n\n<p>Se na entrega dun pedido detectas que o embalaxe foi manipulado ou danado, deber\u00e1s anotar o motivo e a sinatura do cliente no albar\u00e1 de entrega do transportista.<\/p>\n\n\n\n<p>Se recibes un produto defectuoso, tes 7 d\u00edas desde a recepci\u00f3n do pedido para devolvelo, sempre que nolo notifiques nun prazo de 48 horas desde a recepci\u00f3n do pedido a trav\u00e9s da nosa&nbsp; correo electr\u00f3nico info@adegapateira.com<br><br>Todas as s\u00faas comunicaci\u00f3ns e reclamaci\u00f3ns poden realizarse a trav\u00e9s do correo electr\u00f3nico info@adegapateira.com, no Tel\u00e9fono de Asistencia 986 62 63 89 ou mediante comunicaci\u00f3n escrita ao domicilio social B\u00e9nito \u00c1lvarez G\u00e1ndara C\/ Ram\u00f3n Franco n\u00ba3 Baixo, O Rosal, 36770, pontevedra. &nbsp;<\/p>\n\n\n\n<p>\u00c9 imprescindible que nos env\u00edes unha foto en alta resoluci\u00f3n do artigo roto, defectuoso ou err\u00f3neo e que conserves o devandito artigo para xestionar a dita devoluci\u00f3n, as\u00ed como unha foto do embalaxe orixinal, embalaxe, que tam\u00e9n deber\u00e1s conservar. Indicaremos o procedemento a seguir, para proceder \u00e1 s\u00faa devoluci\u00f3n. As\u00ed mesmo, e ao igual que no apartado anterior relativo \u00e1 retirada, a mercador\u00eda recibida deber\u00e1 estar na s\u00faa embalaxe orixinal, en perfecto estado, e cunha copia da compra.<\/p>\n\n\n\n<p>Se hai un agasallo de compra no pedido, debe ser devolto para aceptar a devoluci\u00f3n.<\/p>\n\n\n\n<p>De acordo coa lexislaci\u00f3n vixente, todos os produtos adquiridos a trav\u00e9s desta web te\u00f1en un per\u00edodo de garant\u00eda de tres anos desde a entrega do produto.<\/p>\n\n\n\n<p>Unha vez recibida a mercador\u00eda e unha vez comprobado o seu estado, aboarase o importe correspondente mediante o medio de pagamento utilizado no pedido.<\/p>\n","protected":false},"excerpt":{"rendered":"<p>As presentes Condici\u00f3ns Xerais de Compra e a Pol\u00edtica de Privacidade regulan o uso do sitio web www.adegapateira.com (en diante \u201co sitio web\u201d) propiedade de Benito \u00c1lvarez G\u00e1ndara. A utilizaci\u00f3n por parte do cliente dos servizos de compra sup\u00f3n, en todo caso, o cumprimento das Condici\u00f3ns Xerais de Compra, integramente e sen ning\u00fan tipo de [&hellip;]<\/p>\n","protected":false},"author":1,"featured_media":0,"parent":0,"menu_order":0,"comment_status":"closed","ping_status":"closed","template":"","meta":{"_joinchat":[],"footnotes":""},"class_list":["post-617","page","type-page","status-publish","hentry"],"yoast_head":"<!-- This site is optimized with the Yoast SEO plugin v25.4 - https:\/\/yoast.com\/wordpress\/plugins\/seo\/ -->\n<title>Condici\u00f3ns xerais de compra e devoluci\u00f3ns - Adega Pateira<\/title>\n<meta name=\"robots\" content=\"noindex, follow\" \/>\n<meta property=\"og:locale\" content=\"gl_ES\" \/>\n<meta property=\"og:type\" content=\"article\" \/>\n<meta property=\"og:title\" content=\"Condici\u00f3ns xerais de compra e devoluci\u00f3ns - Adega Pateira\" \/>\n<meta property=\"og:description\" content=\"As presentes Condici\u00f3ns Xerais de Compra e a Pol\u00edtica de Privacidade regulan o uso do sitio web www.adegapateira.com (en diante \u201co sitio web\u201d) propiedade de Benito \u00c1lvarez G\u00e1ndara. A utilizaci\u00f3n por parte do cliente dos servizos de compra sup\u00f3n, en todo caso, o cumprimento das Condici\u00f3ns Xerais de Compra, integramente e sen ning\u00fan tipo de [&hellip;]\" \/>\n<meta property=\"og:url\" content=\"https:\/\/www.adegapateira.com\/gl\/condicions-xerais-de-compra-e-devolucions\/\" \/>\n<meta property=\"og:site_name\" content=\"Adega Pateira\" \/>\n<meta property=\"article:publisher\" content=\"https:\/\/www.facebook.com\/Adegapateira\/\" \/>\n<meta property=\"article:modified_time\" content=\"2023-05-05T14:37:40+00:00\" \/>\n<meta name=\"twitter:card\" content=\"summary_large_image\" \/>\n<meta name=\"twitter:label1\" content=\"Tempo de lectura\" \/>\n\t<meta name=\"twitter:data1\" content=\"9 minutos\" \/>\n<script type=\"application\/ld+json\" class=\"yoast-schema-graph\">{\"@context\":\"https:\/\/schema.org\",\"@graph\":[{\"@type\":\"WebPage\",\"@id\":\"https:\/\/www.adegapateira.com\/gl\/condicions-xerais-de-compra-e-devolucions\/\",\"url\":\"https:\/\/www.adegapateira.com\/gl\/condicions-xerais-de-compra-e-devolucions\/\",\"name\":\"Condici\u00f3ns xerais de compra e devoluci\u00f3ns - Adega Pateira\",\"isPartOf\":{\"@id\":\"https:\/\/www.adegapateira.com\/#website\"},\"datePublished\":\"2023-03-24T11:10:01+00:00\",\"dateModified\":\"2023-05-05T14:37:40+00:00\",\"breadcrumb\":{\"@id\":\"https:\/\/www.adegapateira.com\/gl\/condicions-xerais-de-compra-e-devolucions\/#breadcrumb\"},\"inLanguage\":\"gl-ES\",\"potentialAction\":[{\"@type\":\"ReadAction\",\"target\":[\"https:\/\/www.adegapateira.com\/gl\/condicions-xerais-de-compra-e-devolucions\/\"]}]},{\"@type\":\"BreadcrumbList\",\"@id\":\"https:\/\/www.adegapateira.com\/gl\/condicions-xerais-de-compra-e-devolucions\/#breadcrumb\",\"itemListElement\":[{\"@type\":\"ListItem\",\"position\":1,\"name\":\"Portada\",\"item\":\"https:\/\/www.adegapateira.com\/gl\/tenda\/\"},{\"@type\":\"ListItem\",\"position\":2,\"name\":\"Condici\u00f3ns xerais de compra e devoluci\u00f3ns\"}]},{\"@type\":\"WebSite\",\"@id\":\"https:\/\/www.adegapateira.com\/#website\",\"url\":\"https:\/\/www.adegapateira.com\/\",\"name\":\"Adega Pateira\",\"description\":\"Bodega vino o Rosal, vino de autor\",\"publisher\":{\"@id\":\"https:\/\/www.adegapateira.com\/#organization\"},\"potentialAction\":[{\"@type\":\"SearchAction\",\"target\":{\"@type\":\"EntryPoint\",\"urlTemplate\":\"https:\/\/www.adegapateira.com\/?s={search_term_string}\"},\"query-input\":{\"@type\":\"PropertyValueSpecification\",\"valueRequired\":true,\"valueName\":\"search_term_string\"}}],\"inLanguage\":\"gl-ES\"},{\"@type\":\"Organization\",\"@id\":\"https:\/\/www.adegapateira.com\/#organization\",\"name\":\"Adega Pateira\",\"alternateName\":\"Adega Pateira\",\"url\":\"https:\/\/www.adegapateira.com\/\",\"logo\":{\"@type\":\"ImageObject\",\"inLanguage\":\"gl-ES\",\"@id\":\"https:\/\/www.adegapateira.com\/#\/schema\/logo\/image\/\",\"url\":\"https:\/\/www.adegapateira.com\/wp-content\/uploads\/2023\/01\/logo-adega-pateira-cuadrado.jpg\",\"contentUrl\":\"https:\/\/www.adegapateira.com\/wp-content\/uploads\/2023\/01\/logo-adega-pateira-cuadrado.jpg\",\"width\":209,\"height\":256,\"caption\":\"Adega Pateira\"},\"image\":{\"@id\":\"https:\/\/www.adegapateira.com\/#\/schema\/logo\/image\/\"},\"sameAs\":[\"https:\/\/www.facebook.com\/Adegapateira\/\",\"https:\/\/www.instagram.com\/adegapateira\/?hl=es\"]}]}<\/script>\n<!-- \/ Yoast SEO plugin. -->","yoast_head_json":{"title":"Condici\u00f3ns xerais de compra e devoluci\u00f3ns - Adega Pateira","robots":{"index":"noindex","follow":"follow"},"og_locale":"gl_ES","og_type":"article","og_title":"Condici\u00f3ns xerais de compra e devoluci\u00f3ns - Adega Pateira","og_description":"As presentes Condici\u00f3ns Xerais de Compra e a Pol\u00edtica de Privacidade regulan o uso do sitio web www.adegapateira.com (en diante \u201co sitio web\u201d) propiedade de Benito \u00c1lvarez G\u00e1ndara. A utilizaci\u00f3n por parte do cliente dos servizos de compra sup\u00f3n, en todo caso, o cumprimento das Condici\u00f3ns Xerais de Compra, integramente e sen ning\u00fan tipo de [&hellip;]","og_url":"https:\/\/www.adegapateira.com\/gl\/condicions-xerais-de-compra-e-devolucions\/","og_site_name":"Adega Pateira","article_publisher":"https:\/\/www.facebook.com\/Adegapateira\/","article_modified_time":"2023-05-05T14:37:40+00:00","twitter_card":"summary_large_image","twitter_misc":{"Tempo de lectura":"9 minutos"},"schema":{"@context":"https:\/\/schema.org","@graph":[{"@type":"WebPage","@id":"https:\/\/www.adegapateira.com\/gl\/condicions-xerais-de-compra-e-devolucions\/","url":"https:\/\/www.adegapateira.com\/gl\/condicions-xerais-de-compra-e-devolucions\/","name":"Condici\u00f3ns xerais de compra e devoluci\u00f3ns - Adega Pateira","isPartOf":{"@id":"https:\/\/www.adegapateira.com\/#website"},"datePublished":"2023-03-24T11:10:01+00:00","dateModified":"2023-05-05T14:37:40+00:00","breadcrumb":{"@id":"https:\/\/www.adegapateira.com\/gl\/condicions-xerais-de-compra-e-devolucions\/#breadcrumb"},"inLanguage":"gl-ES","potentialAction":[{"@type":"ReadAction","target":["https:\/\/www.adegapateira.com\/gl\/condicions-xerais-de-compra-e-devolucions\/"]}]},{"@type":"BreadcrumbList","@id":"https:\/\/www.adegapateira.com\/gl\/condicions-xerais-de-compra-e-devolucions\/#breadcrumb","itemListElement":[{"@type":"ListItem","position":1,"name":"Portada","item":"https:\/\/www.adegapateira.com\/gl\/tenda\/"},{"@type":"ListItem","position":2,"name":"Condici\u00f3ns xerais de compra e devoluci\u00f3ns"}]},{"@type":"WebSite","@id":"https:\/\/www.adegapateira.com\/#website","url":"https:\/\/www.adegapateira.com\/","name":"Adega Pateira","description":"Bodega vino o Rosal, vino de autor","publisher":{"@id":"https:\/\/www.adegapateira.com\/#organization"},"potentialAction":[{"@type":"SearchAction","target":{"@type":"EntryPoint","urlTemplate":"https:\/\/www.adegapateira.com\/?s={search_term_string}"},"query-input":{"@type":"PropertyValueSpecification","valueRequired":true,"valueName":"search_term_string"}}],"inLanguage":"gl-ES"},{"@type":"Organization","@id":"https:\/\/www.adegapateira.com\/#organization","name":"Adega Pateira","alternateName":"Adega Pateira","url":"https:\/\/www.adegapateira.com\/","logo":{"@type":"ImageObject","inLanguage":"gl-ES","@id":"https:\/\/www.adegapateira.com\/#\/schema\/logo\/image\/","url":"https:\/\/www.adegapateira.com\/wp-content\/uploads\/2023\/01\/logo-adega-pateira-cuadrado.jpg","contentUrl":"https:\/\/www.adegapateira.com\/wp-content\/uploads\/2023\/01\/logo-adega-pateira-cuadrado.jpg","width":209,"height":256,"caption":"Adega Pateira"},"image":{"@id":"https:\/\/www.adegapateira.com\/#\/schema\/logo\/image\/"},"sameAs":["https:\/\/www.facebook.com\/Adegapateira\/","https:\/\/www.instagram.com\/adegapateira\/?hl=es"]}]}},"_links":{"self":[{"href":"https:\/\/www.adegapateira.com\/gl\/wp-json\/wp\/v2\/pages\/617","targetHints":{"allow":["GET"]}}],"collection":[{"href":"https:\/\/www.adegapateira.com\/gl\/wp-json\/wp\/v2\/pages"}],"about":[{"href":"https:\/\/www.adegapateira.com\/gl\/wp-json\/wp\/v2\/types\/page"}],"author":[{"embeddable":true,"href":"https:\/\/www.adegapateira.com\/gl\/wp-json\/wp\/v2\/users\/1"}],"replies":[{"embeddable":true,"href":"https:\/\/www.adegapateira.com\/gl\/wp-json\/wp\/v2\/comments?post=617"}],"version-history":[{"count":1,"href":"https:\/\/www.adegapateira.com\/gl\/wp-json\/wp\/v2\/pages\/617\/revisions"}],"predecessor-version":[{"id":764,"href":"https:\/\/www.adegapateira.com\/gl\/wp-json\/wp\/v2\/pages\/617\/revisions\/764"}],"wp:attachment":[{"href":"https:\/\/www.adegapateira.com\/gl\/wp-json\/wp\/v2\/media?parent=617"}],"curies":[{"name":"wp","href":"https:\/\/api.w.org\/{rel}","templated":true}]}}