{"id":614,"date":"2023-03-24T11:54:39","date_gmt":"2023-03-24T10:54:39","guid":{"rendered":"https:\/\/www.adegapateira.com\/politica-de-cookies\/"},"modified":"2023-05-05T16:36:35","modified_gmt":"2023-05-05T14:36:35","slug":"politica-de-cookies","status":"publish","type":"page","link":"https:\/\/www.adegapateira.com\/gl\/politica-de-cookies\/","title":{"rendered":"Pol\u00edtica de cookies"},"content":{"rendered":"\n<p>Neste sitio web recompilo e uso a informaci\u00f3n tal e como se indica na mi\u00f1a pol\u00edtica de privacidade. Unha das formas en que recompilamos informaci\u00f3n \u00e9 mediante o uso dunha tecnolox\u00eda chamada &#8220;cookies&#8221;. En https:\/\/www.adegapateira.com\/, as cookies \u00fasanse para varias cousas.<\/p>\n\n\n\n<p><strong>Que \u00e9 unha cookie?<\/strong><\/p>\n\n\n\n<p>Unha &#8220;cookie&#8221; \u00e9 unha pequena cantidade de texto que se almacena no teu navegador (como Chrome de Google ou Safari de Apple) cando navegas pola maior\u00eda dos sitios web.<\/p>\n\n\n\n<p><strong>Que NON \u00e9 unha cookie?<\/strong><\/p>\n\n\n\n<p>Non \u00e9 un virus, nin un troiano, nin un verme, nin spam, nin spyware, nin abre vent\u00e1s emerxentes.<\/p>\n\n\n\n<p><strong>Que informaci\u00f3n almacena unha cookie?<\/strong><\/p>\n\n\n\n<p>As cookies non adoitan almacenar informaci\u00f3n confidencial sobre ti, como datos bancarios ou de tarxeta de cr\u00e9dito, fotograf\u00edas ou informaci\u00f3n persoal, etc. Os datos que gardan son t\u00e9cnicos, estat\u00edsticos, preferencias persoais, personalizaci\u00f3n de contidos, etc.<\/p>\n\n\n\n<p>O servidor web non te asocia como persoa sen\u00f3n o teu navegador web. De feito, se navegas habitualmente co navegador Chrome e intentas navegar polo mesmo sitio web co navegador Firefox, ver\u00e1s que o sitio web non se d\u00e1 conta de que es a mesma persoa porque en realidade est\u00e1 asociando a informaci\u00f3n co navegador, non coa persoa.<\/p>\n\n\n\n<p><strong>Que tipo de cookies hai?<\/strong><\/p>\n\n\n\n<ul class=\"wp-block-list\">\n<li><strong>Cookies t\u00e9cnicas:<\/strong>&nbsp; Son os m\u00e1is b\u00e1sicos e permiten, entre outras cousas, saber cando est\u00e1 a navegar un humano ou unha aplicaci\u00f3n automatizada, cando est\u00e1 a navegar un usuario an\u00f3nimo e un usuario rexistrado, tarefas b\u00e1sicas para o funcionamento de calquera sitio web din\u00e1mico.<\/li>\n\n\n\n<li><strong>Cookies de an\u00e1lise:<\/strong>&nbsp; Recollen informaci\u00f3n sobre o tipo de navegaci\u00f3n que est\u00e1 a realizar, as secci\u00f3ns que m\u00e1is utiliza, produtos consultados, franxa horaria de uso, idioma, etc.<\/li>\n\n\n\n<li><strong>Cookies publicitarias:<\/strong>&nbsp; Mostran publicidade baseada na t\u00faa navegaci\u00f3n, o teu pa\u00eds de orixe, idioma, etc.<\/li>\n<\/ul>\n\n\n\n<p><strong>Que son as cookies propias e de terceiros?<\/strong><\/p>\n\n\n\n<p>As cookies propias son as xeradas pola p\u00e1xina que est\u00e1 a visitar e as de terceiros son as xeradas por servizos ou provedores externos como Mailchimp, Mailrelay, Facebook, Twitter, Google adsense, etc.<\/p>\n\n\n\n<p><strong>Que cookies utiliza este sitio web?<\/strong><\/p>\n\n\n\n<p>Este sitio web utiliza cookies propias e de terceiros. Neste sitio web util\u00edzanse as seguintes cookies:<\/p>\n\n\n\n<p>Configuraci\u00f3n de cookies<\/p>\n\n\n\n<p><strong>Cookies propias:<\/strong><\/p>\n\n\n\n<p><strong>Acceder:<\/strong>&nbsp; As cookies para iniciar sesi\u00f3n perm\u00edtenche entrar e sa\u00edr da t\u00faa conta de ofertasyrebajas.es.<\/p>\n\n\n\n<p><strong>Personalizaci\u00f3n:<\/strong>&nbsp; As cookies ax\u00fadanme a lembrar con que persoas ou sitios web interactuou, para poder mostrarche contido relacionado.<\/p>\n\n\n\n<p><strong>Preferencias:<\/strong>&nbsp; As cookies perm\u00edtenme recordar a t\u00faa configuraci\u00f3n e preferencias, como o teu idioma preferido e a t\u00faa configuraci\u00f3n de privacidade.<\/p>\n\n\n\n<p><strong>Seguridade:<\/strong>&nbsp; Utilizo cookies para evitar riscos de seguridade. Principalmente para detectar cando algu\u00e9n est\u00e1 tentando piratear a t\u00faa conta de ofertasyrebajas.es.<\/p>\n\n\n\n<p><strong>Cookies de terceiros<\/strong><\/p>\n\n\n\n<p>Este sitio web utiliza servizos de an\u00e1lise, en concreto, Google Analytics para axudar ao sitio web a analizar o uso que fan os usuarios do sitio web e mellorar a s\u00faa usabilidade, pero en ning\u00fan caso est\u00e1n asociados a datos que poidan identificar ao usuario. Google Analytics, \u00e9 un servizo de an\u00e1lise web prestado por Google, Inc., que o usuario pode consultar&nbsp;<a href=\"https:\/\/www.google.es\/intl\/es\/policies\/technologies\/types\/\" target=\"_blank\" rel=\"noreferrer noopener\">aqu\u00ed<\/a>&nbsp; o tipo de cookies utilizadas por Google.<\/p>\n\n\n\n<p>Benito \u00c1lvarez G\u00e1ndara \u00e9 usuario da plataforma de subministraci\u00f3n e aloxamento do blog&nbsp;<strong>WordPress<\/strong>, propiedade da empresa norteamericana Automattic, Inc. Para tal fin, o uso deste tipo de cookies por parte dos sistemas nunca est\u00e1 baixo o control ou xesti\u00f3n do responsable da web, podendo cambiar a s\u00faa funci\u00f3n en calquera momento, e introducir novas cookies. Estas cookies non reportan ning\u00fan beneficio para o responsable deste sitio web. Automattic, Inc., tam\u00e9n usa outras cookies para axudar a identificar e rastrexar os visitantes dos sitios web.&nbsp;<strong>WordPress<\/strong> , co\u00f1ece como usan a web de Automattic, as\u00ed como as s\u00faas preferencias de acceso, tal e como se indica no apartado &#8220;Cookies&#8221; da s\u00faa pol\u00edtica de privacidade.<\/p>\n\n\n\n<p>As cookies de redes sociais p\u00f3dense almacenar no seu navegador mentres navega por https:\/\/ofertasyrebajas.es, por exemplo, cando utiliza o bot\u00f3n para compartir contidos de https:\/\/ofertasyrebajas.es nunha rede social.<br>A continuaci\u00f3n tes informaci\u00f3n sobre as cookies das redes sociais que utiliza este sitio web nas s\u00faas propias pol\u00edticas de cookies:<\/p>\n\n\n\n<ul class=\"wp-block-list\">\n<li>Cookies de Facebook, consulta m\u00e1is informaci\u00f3n sobre o teu&nbsp; <a href=\"https:\/\/www.facebook.com\/policies\/cookies\/\" target=\"_blank\" rel=\"noreferrer noopener\">Pol\u00edtica de cookies<\/a><\/li>\n\n\n\n<li>Cookies de Twitter, consulta m\u00e1is informaci\u00f3n sobre o teu&nbsp; <a href=\"https:\/\/twitter.com\/privacy\" target=\"_blank\" rel=\"noreferrer noopener\">Pol\u00edtica de cookies<\/a><\/li>\n\n\n\n<li>Cookies de Instagram, consulta m\u00e1is informaci\u00f3n sobre o teu&nbsp; <a href=\"https:\/\/www.facebook.com\/policies\/cookies\/\" target=\"_blank\" rel=\"noreferrer noopener\">Pol\u00edtica de cookies<\/a><\/li>\n\n\n\n<li>Cookies de Google+, consulta m\u00e1is informaci\u00f3n sobre o teu&nbsp; <a href=\"http:\/\/www.google.com\/intl\/es\/policies\/technologies\/types\/\" target=\"_blank\" rel=\"noreferrer noopener\">Pol\u00edtica de cookies<\/a><\/li>\n\n\n\n<li>Cookies de Linkedin, consulta m\u00e1is informaci\u00f3n na t\u00faa&nbsp; <a href=\"https:\/\/www.linkedin.com\/legal\/cookie-policy?trk=hp-cookies\" target=\"_blank\" rel=\"noreferrer noopener\">Pol\u00edtica de cookies<\/a><\/li>\n\n\n\n<li>Cookies de Youtube, consulta m\u00e1is informaci\u00f3n sobre o teu&nbsp; <a href=\"http:\/\/www.google.com\/intl\/es\/policies\/technologies\/types\/\" target=\"_blank\" rel=\"noreferrer noopener\">Pol\u00edtica de cookies<\/a><\/li>\n<\/ul>\n\n\n\n<p>Eu uso&nbsp; <strong>plataformas de servizos de afiliados<\/strong>&nbsp; que utilizan cookies do navegador para rastrexar as vendas que se orixinaron neste sitio web nos programas de afiliados cos que colabora este sitio web.<\/p>\n\n\n\n<p><strong>P\u00f3dense eliminar as cookies?<\/strong><\/p>\n\n\n\n<p>Si, e non s\u00f3 eliminar, sen\u00f3n tam\u00e9n bloquear, de forma xeral ou particular para un dominio concreto.<br>Para eliminar as cookies dun sitio web, debes ir \u00e1 configuraci\u00f3n do teu navegador e al\u00ed podes buscar as asociadas ao dominio en cuesti\u00f3n e proceder a eliminalas.<\/p>\n\n\n\n<ul class=\"wp-block-list\">\n<li>Configuraci\u00f3n de cookies para&nbsp; <a href=\"http:\/\/support.google.com\/chrome\/bin\/answer.py?hl=es&amp;answer=95647\" target=\"_blank\" rel=\"noreferrer noopener\">Google Chrome<\/a><\/li>\n\n\n\n<li>Configuraci\u00f3n de cookies para&nbsp; <a href=\"https:\/\/support.apple.com\/es-es\/HT201265\" target=\"_blank\" rel=\"noreferrer noopener\">Apple safari<\/a><\/li>\n\n\n\n<li>Configuraci\u00f3n de cookies para&nbsp; <a href=\"https:\/\/support.microsoft.com\/en-us\/help\/17442\/windows-internet-explorer-delete-manage-cookies#ie=ie-10\" target=\"_blank\" rel=\"noreferrer noopener\">explorador de internet<\/a><\/li>\n\n\n\n<li>Configuraci\u00f3n de cookies para&nbsp; <a href=\"https:\/\/support.mozilla.org\/es\/kb\/habilitar-y-deshabilitar-cookies-sitios-web-rastrear-preferencias?redirectlocale=es&amp;redirectslug=habilitar-y-deshabilitar-cookies-que-los-sitios-we\" target=\"_blank\" rel=\"noreferrer noopener\">mozilla Firefox<\/a><\/li>\n<\/ul>\n\n\n\n<p><strong>M\u00e1is informaci\u00f3n sobre as cookies<\/strong><\/p>\n\n\n\n<p>Podes consultar a normativa sobre cookies publicada pola Axencia Espa\u00f1ola de Protecci\u00f3n de Datos na s\u00faa \u201cGu\u00eda de uso de cookies\u201d e obter m\u00e1is informaci\u00f3n sobre as cookies en Internet,&nbsp; <a href=\"http:\/\/www.aboutcookies.org\/\" target=\"_blank\" rel=\"noreferrer noopener\">http:\/\/www.aboutcookies.org\/<\/a><\/p>\n\n\n\n<p>Se desexa ter un maior control sobre a instalaci\u00f3n de cookies, pode instalar no seu navegador programas ou complementos, co\u00f1ecidos como ferramentas &#8220;Do Not Track&#8221;, que lle permitir\u00e1n escoller que cookies desexa permitir.<\/p>\n","protected":false},"excerpt":{"rendered":"<p>Neste sitio web recompilo e uso a informaci\u00f3n tal e como se indica na mi\u00f1a pol\u00edtica de privacidade. Unha das formas en que recompilamos informaci\u00f3n \u00e9 mediante o uso dunha tecnolox\u00eda chamada &#8220;cookies&#8221;. En https:\/\/www.adegapateira.com\/, as cookies \u00fasanse para varias cousas. Que \u00e9 unha cookie? Unha &#8220;cookie&#8221; \u00e9 unha pequena cantidade de texto que se [&hellip;]<\/p>\n","protected":false},"author":1,"featured_media":0,"parent":0,"menu_order":0,"comment_status":"closed","ping_status":"closed","template":"","meta":{"_joinchat":[],"footnotes":""},"class_list":["post-614","page","type-page","status-publish","hentry"],"yoast_head":"<!-- This site is optimized with the Yoast SEO plugin v25.4 - https:\/\/yoast.com\/wordpress\/plugins\/seo\/ -->\n<title>Pol\u00edtica de cookies - Adega Pateira<\/title>\n<meta name=\"robots\" content=\"noindex, follow\" \/>\n<meta property=\"og:locale\" content=\"gl_ES\" \/>\n<meta property=\"og:type\" content=\"article\" \/>\n<meta property=\"og:title\" content=\"Pol\u00edtica de cookies - Adega Pateira\" \/>\n<meta property=\"og:description\" content=\"Neste sitio web recompilo e uso a informaci\u00f3n tal e como se indica na mi\u00f1a pol\u00edtica de privacidade. Unha das formas en que recompilamos informaci\u00f3n \u00e9 mediante o uso dunha tecnolox\u00eda chamada &#8220;cookies&#8221;. En https:\/\/www.adegapateira.com\/, as cookies \u00fasanse para varias cousas. Que \u00e9 unha cookie? Unha &#8220;cookie&#8221; \u00e9 unha pequena cantidade de texto que se [&hellip;]\" \/>\n<meta property=\"og:url\" content=\"https:\/\/www.adegapateira.com\/gl\/politica-de-cookies\/\" \/>\n<meta property=\"og:site_name\" content=\"Adega Pateira\" \/>\n<meta property=\"article:publisher\" content=\"https:\/\/www.facebook.com\/Adegapateira\/\" \/>\n<meta property=\"article:modified_time\" content=\"2023-05-05T14:36:35+00:00\" \/>\n<meta name=\"twitter:card\" content=\"summary_large_image\" \/>\n<meta name=\"twitter:label1\" content=\"Tempo de lectura\" \/>\n\t<meta name=\"twitter:data1\" content=\"5 minutos\" \/>\n<script type=\"application\/ld+json\" class=\"yoast-schema-graph\">{\"@context\":\"https:\/\/schema.org\",\"@graph\":[{\"@type\":\"WebPage\",\"@id\":\"https:\/\/www.adegapateira.com\/gl\/politica-de-cookies\/\",\"url\":\"https:\/\/www.adegapateira.com\/gl\/politica-de-cookies\/\",\"name\":\"Pol\u00edtica de cookies - Adega Pateira\",\"isPartOf\":{\"@id\":\"https:\/\/www.adegapateira.com\/#website\"},\"datePublished\":\"2023-03-24T10:54:39+00:00\",\"dateModified\":\"2023-05-05T14:36:35+00:00\",\"breadcrumb\":{\"@id\":\"https:\/\/www.adegapateira.com\/gl\/politica-de-cookies\/#breadcrumb\"},\"inLanguage\":\"gl-ES\",\"potentialAction\":[{\"@type\":\"ReadAction\",\"target\":[\"https:\/\/www.adegapateira.com\/gl\/politica-de-cookies\/\"]}]},{\"@type\":\"BreadcrumbList\",\"@id\":\"https:\/\/www.adegapateira.com\/gl\/politica-de-cookies\/#breadcrumb\",\"itemListElement\":[{\"@type\":\"ListItem\",\"position\":1,\"name\":\"Portada\",\"item\":\"https:\/\/www.adegapateira.com\/gl\/tenda\/\"},{\"@type\":\"ListItem\",\"position\":2,\"name\":\"Pol\u00edtica de cookies\"}]},{\"@type\":\"WebSite\",\"@id\":\"https:\/\/www.adegapateira.com\/#website\",\"url\":\"https:\/\/www.adegapateira.com\/\",\"name\":\"Adega Pateira\",\"description\":\"Bodega vino o Rosal, vino de autor\",\"publisher\":{\"@id\":\"https:\/\/www.adegapateira.com\/#organization\"},\"potentialAction\":[{\"@type\":\"SearchAction\",\"target\":{\"@type\":\"EntryPoint\",\"urlTemplate\":\"https:\/\/www.adegapateira.com\/?s={search_term_string}\"},\"query-input\":{\"@type\":\"PropertyValueSpecification\",\"valueRequired\":true,\"valueName\":\"search_term_string\"}}],\"inLanguage\":\"gl-ES\"},{\"@type\":\"Organization\",\"@id\":\"https:\/\/www.adegapateira.com\/#organization\",\"name\":\"Adega Pateira\",\"alternateName\":\"Adega Pateira\",\"url\":\"https:\/\/www.adegapateira.com\/\",\"logo\":{\"@type\":\"ImageObject\",\"inLanguage\":\"gl-ES\",\"@id\":\"https:\/\/www.adegapateira.com\/#\/schema\/logo\/image\/\",\"url\":\"https:\/\/www.adegapateira.com\/wp-content\/uploads\/2023\/01\/logo-adega-pateira-cuadrado.jpg\",\"contentUrl\":\"https:\/\/www.adegapateira.com\/wp-content\/uploads\/2023\/01\/logo-adega-pateira-cuadrado.jpg\",\"width\":209,\"height\":256,\"caption\":\"Adega Pateira\"},\"image\":{\"@id\":\"https:\/\/www.adegapateira.com\/#\/schema\/logo\/image\/\"},\"sameAs\":[\"https:\/\/www.facebook.com\/Adegapateira\/\",\"https:\/\/www.instagram.com\/adegapateira\/?hl=es\"]}]}<\/script>\n<!-- \/ Yoast SEO plugin. -->","yoast_head_json":{"title":"Pol\u00edtica de cookies - Adega Pateira","robots":{"index":"noindex","follow":"follow"},"og_locale":"gl_ES","og_type":"article","og_title":"Pol\u00edtica de cookies - Adega Pateira","og_description":"Neste sitio web recompilo e uso a informaci\u00f3n tal e como se indica na mi\u00f1a pol\u00edtica de privacidade. Unha das formas en que recompilamos informaci\u00f3n \u00e9 mediante o uso dunha tecnolox\u00eda chamada &#8220;cookies&#8221;. En https:\/\/www.adegapateira.com\/, as cookies \u00fasanse para varias cousas. Que \u00e9 unha cookie? Unha &#8220;cookie&#8221; \u00e9 unha pequena cantidade de texto que se [&hellip;]","og_url":"https:\/\/www.adegapateira.com\/gl\/politica-de-cookies\/","og_site_name":"Adega Pateira","article_publisher":"https:\/\/www.facebook.com\/Adegapateira\/","article_modified_time":"2023-05-05T14:36:35+00:00","twitter_card":"summary_large_image","twitter_misc":{"Tempo de lectura":"5 minutos"},"schema":{"@context":"https:\/\/schema.org","@graph":[{"@type":"WebPage","@id":"https:\/\/www.adegapateira.com\/gl\/politica-de-cookies\/","url":"https:\/\/www.adegapateira.com\/gl\/politica-de-cookies\/","name":"Pol\u00edtica de cookies - Adega Pateira","isPartOf":{"@id":"https:\/\/www.adegapateira.com\/#website"},"datePublished":"2023-03-24T10:54:39+00:00","dateModified":"2023-05-05T14:36:35+00:00","breadcrumb":{"@id":"https:\/\/www.adegapateira.com\/gl\/politica-de-cookies\/#breadcrumb"},"inLanguage":"gl-ES","potentialAction":[{"@type":"ReadAction","target":["https:\/\/www.adegapateira.com\/gl\/politica-de-cookies\/"]}]},{"@type":"BreadcrumbList","@id":"https:\/\/www.adegapateira.com\/gl\/politica-de-cookies\/#breadcrumb","itemListElement":[{"@type":"ListItem","position":1,"name":"Portada","item":"https:\/\/www.adegapateira.com\/gl\/tenda\/"},{"@type":"ListItem","position":2,"name":"Pol\u00edtica de cookies"}]},{"@type":"WebSite","@id":"https:\/\/www.adegapateira.com\/#website","url":"https:\/\/www.adegapateira.com\/","name":"Adega Pateira","description":"Bodega vino o Rosal, vino de autor","publisher":{"@id":"https:\/\/www.adegapateira.com\/#organization"},"potentialAction":[{"@type":"SearchAction","target":{"@type":"EntryPoint","urlTemplate":"https:\/\/www.adegapateira.com\/?s={search_term_string}"},"query-input":{"@type":"PropertyValueSpecification","valueRequired":true,"valueName":"search_term_string"}}],"inLanguage":"gl-ES"},{"@type":"Organization","@id":"https:\/\/www.adegapateira.com\/#organization","name":"Adega Pateira","alternateName":"Adega Pateira","url":"https:\/\/www.adegapateira.com\/","logo":{"@type":"ImageObject","inLanguage":"gl-ES","@id":"https:\/\/www.adegapateira.com\/#\/schema\/logo\/image\/","url":"https:\/\/www.adegapateira.com\/wp-content\/uploads\/2023\/01\/logo-adega-pateira-cuadrado.jpg","contentUrl":"https:\/\/www.adegapateira.com\/wp-content\/uploads\/2023\/01\/logo-adega-pateira-cuadrado.jpg","width":209,"height":256,"caption":"Adega Pateira"},"image":{"@id":"https:\/\/www.adegapateira.com\/#\/schema\/logo\/image\/"},"sameAs":["https:\/\/www.facebook.com\/Adegapateira\/","https:\/\/www.instagram.com\/adegapateira\/?hl=es"]}]}},"_links":{"self":[{"href":"https:\/\/www.adegapateira.com\/gl\/wp-json\/wp\/v2\/pages\/614","targetHints":{"allow":["GET"]}}],"collection":[{"href":"https:\/\/www.adegapateira.com\/gl\/wp-json\/wp\/v2\/pages"}],"about":[{"href":"https:\/\/www.adegapateira.com\/gl\/wp-json\/wp\/v2\/types\/page"}],"author":[{"embeddable":true,"href":"https:\/\/www.adegapateira.com\/gl\/wp-json\/wp\/v2\/users\/1"}],"replies":[{"embeddable":true,"href":"https:\/\/www.adegapateira.com\/gl\/wp-json\/wp\/v2\/comments?post=614"}],"version-history":[{"count":1,"href":"https:\/\/www.adegapateira.com\/gl\/wp-json\/wp\/v2\/pages\/614\/revisions"}],"predecessor-version":[{"id":761,"href":"https:\/\/www.adegapateira.com\/gl\/wp-json\/wp\/v2\/pages\/614\/revisions\/761"}],"wp:attachment":[{"href":"https:\/\/www.adegapateira.com\/gl\/wp-json\/wp\/v2\/media?parent=614"}],"curies":[{"name":"wp","href":"https:\/\/api.w.org\/{rel}","templated":true}]}}