{"id":612,"date":"2023-03-24T11:50:57","date_gmt":"2023-03-24T10:50:57","guid":{"rendered":"https:\/\/www.adegapateira.com\/aviso-legal\/"},"modified":"2023-05-05T16:38:15","modified_gmt":"2023-05-05T14:38:15","slug":"aviso-legal","status":"publish","type":"page","link":"https:\/\/www.adegapateira.com\/gl\/aviso-legal\/","title":{"rendered":"Aviso legal"},"content":{"rendered":"\n<p><strong>Datos do Responsable<\/strong><\/p>\n\n\n\n<ul class=\"wp-block-list\">\n<li><strong>Identidade do responsable:<\/strong>&nbsp; Benito \u00c1lvarez G\u00e1ndara<\/li>\n\n\n\n<li><strong>NIF\/CIF:<\/strong>&nbsp; 34885482W<\/li>\n\n\n\n<li><strong>Enderezo:<\/strong>&nbsp; C\/ Ram\u00f3n Franco n\u00ba3 Bajo, O Rosal, 36770, Pontevedra<\/li>\n\n\n\n<li><strong>Correo electr\u00f3nico:<\/strong>&nbsp; info@adegapateira.com<\/li>\n<\/ul>\n\n\n\n<p>Neste espazo, o usuario poder\u00e1 atopar toda a informaci\u00f3n relacionada cos termos e condici\u00f3ns legais que definen as relaci\u00f3ns entre os usuarios e eu como responsable deste sitio web. Como usuario, \u00e9 importante que co\u00f1ezas estes termos antes de continuar coa t\u00faa navegaci\u00f3n.<\/p>\n\n\n\n<p>Benito \u00c1lvarez G\u00e1ndara, como responsable desta web, asumo o compromiso de tratar a informaci\u00f3n dos meus usuarios e clientes con plenas garant\u00edas e de cumprir cos requisitos nacionais e europeos que regulan a recollida e uso dos datos persoais dos meus datos. usuarios.<\/p>\n\n\n\n<p>Este sitio web, polo tanto, cumpre estritamente coa Lei Org\u00e1nica 15\/1999, do 13 de decembro, de Protecci\u00f3n de Datos de Car\u00e1cter Persoal (LOPD), e co Real Decreto 1720\/2007, do 21 de decembro, co\u00f1ecido como o Regulamento de desenvolvemento da LOPD. As\u00ed mesmo, cumpre o Regulamento (UE) 2016\/679 do Parlamento Europeo e do Consello, do 27 de abril de 2016, relativo \u00e1 protecci\u00f3n das persoas f\u00edsicas (RGPD), as\u00ed como a Lei 34\/2002, do 11 de xullo, de Servizos das Sociedade da Informaci\u00f3n e Comercio Electr\u00f3nico (LSSICE ou LSSI).<\/p>\n\n\n\n<p><strong>Condici\u00f3ns xerais de uso<\/strong><\/p>\n\n\n\n<p>As presentes Condici\u00f3ns Xerais regulan o uso (inclu\u00eddo o mero acceso) das p\u00e1xinas web, membros do sitio web de Benito \u00c1lvarez G\u00e1ndara.<\/p>\n\n\n\n<p>Inclu\u00edndo os contidos e servizos dispo\u00f1ibles neles. Calquera persoa que acceda \u00e1 web, https:\/\/www.adegapateira.com (\u201cusuario\u201d) comprom\u00e9tese a someterse \u00e1s Condici\u00f3ns Xerais vixentes en cada momento do portal https:\/\/www.adegapateira.es<\/p>\n\n\n\n<p><strong>Datos persoais que recompilo e como o fago<\/strong><\/p>\n\n\n\n<p>Ler a pol\u00edtica de privacidade.<\/p>\n\n\n\n<p><strong>Compromisos e obrigas dos usuarios<\/strong><\/p>\n\n\n\n<p>O usuario queda informado, e acepta, que o acceso a este sitio web non sup\u00f3n, en ning\u00fan caso, o inicio dunha relaci\u00f3n comercial con Benito \u00c1lvarez G\u00e1ndara. Deste xeito, o usuario comprom\u00e9tese a utilizar o sitio web, os seus servizos e contidos sen vulnerar a lexislaci\u00f3n vixente, a boa fe e a orde p\u00fablica.<\/p>\n\n\n\n<p>Queda prohibido o uso da web con fins il\u00edcitos ou lesivos, ou que, de calquera forma, poidan causar prexu\u00edzos ou impedir o normal funcionamento do sitio web. En canto aos contidos deste sitio web, est\u00e1 prohibido:<\/p>\n\n\n\n<ul class=\"wp-block-list\">\n<li>A s\u00faa reproduci\u00f3n, distribuci\u00f3n ou modificaci\u00f3n, total ou parcial, salvo que te\u00f1a a mi\u00f1a autorizaci\u00f3n como lex\u00edtimo propietario;<\/li>\n\n\n\n<li>Calquera violaci\u00f3n dos dereitos do provedor ou de min como propietario lex\u00edtimo;<\/li>\n\n\n\n<li>O seu uso con fins comerciais ou publicitarios.<\/li>\n<\/ul>\n\n\n\n<p>Ao utilizar o sitio web, www.ceretanes.es, o usuario comprom\u00e9tese a non realizar&nbsp;<strong>ningunha conduta<\/strong>&nbsp; que poidan danar a imaxe, intereses e dereitos de Benito \u00c1lvarez G\u00e1ndara ou de terceiros ou que poidan danar, inutilizar ou sobrecargar o portal https:\/\/www.adegapateira.com ou que impidan, de calquera xeito, o normal uso da Web.<\/p>\n\n\n\n<p>Non obstante, o usuario debe ser consciente de que as medidas de seguridade dos sistemas inform\u00e1ticos en Internet non son totalmente fiables e que, polo tanto, https:\/\/www.adegapateira.com non pode garantir a ausencia de malware ou outros elementos que poidan producir alteraci\u00f3ns no sistemas inform\u00e1ticos (software e hardware) do usuario ou nos seus documentos electr\u00f3nicos e ficheiros contidos neles, a\u00ednda que po\u00f1o todos os medios necesarios e as medidas de seguridade adecuadas para evitar a presenza destes elementos nocivos.<\/p>\n\n\n\n<p><strong>Medidas de seguridade<\/strong><\/p>\n\n\n\n<p>Os datos persoais que o usuario comunique a Benito \u00c1lvarez G\u00e1ndara poder\u00e1n ser almacenados ou non en bases de datos automatizadas, cuxa titularidade corresponde exclusivamente a Benito \u00c1lvarez G\u00e1ndara, asumindo todas as medidas t\u00e9cnicas, organizativas e de seguridade que garantan a confidencialidade, integridade e calidade da informaci\u00f3n contida nelas. de conformidade co disposto na normativa vixente en materia de protecci\u00f3n de datos. A comunicaci\u00f3n entre os usuarios e https:\/\/www.adegapateira.com utiliza unha canle segura, e os datos transmitidos est\u00e1n encriptados grazas aos protocolos https, polo que garantizo as mellores condici\u00f3ns de seguridade para que se garanta a confidencialidade dos usuarios. .<\/p>\n\n\n\n<p><strong>Plataforma de resoluci\u00f3n de conflitos<\/strong><\/p>\n\n\n\n<p>Tam\u00e9n po\u00f1o a disposici\u00f3n dos usuarios a plataforma de resoluci\u00f3n de litixios facilitada pola Comisi\u00f3n Europea e que est\u00e1 dispo\u00f1ible na seguinte ligaz\u00f3n:&nbsp; <a href=\"http:\/\/ec.europa.eu\/consumers\/odr\/\" target=\"_blank\" rel=\"noreferrer noopener\">http:\/\/ec.europa.eu\/consumers\/odr\/<\/a><\/p>\n\n\n\n<p><strong>Dereitos de propiedade intelectual e industrial<\/strong><\/p>\n\n\n\n<p>En virtude do disposto nos artigos 8 e 32.1, segundo par\u00e1grafo, da Lei de Propiedade Intelectual, a reproduci\u00f3n, distribuci\u00f3n e comunicaci\u00f3n p\u00fablica, inclu\u00edda a modalidade de posta a disposici\u00f3n dos mesmos, de todo ou parte dos contidos desta p\u00e1xina web, con fins comerciais. fins, en calquera soporte e por calquera medio t\u00e9cnico, sen a autorizaci\u00f3n de Benito \u00c1lvarez G\u00e1ndara. O usuario comprom\u00e9tese a respectar os dereitos de Propiedade Intelectual e Industrial titularidade de Benito \u00c1lvarez G\u00e1ndara.<\/p>\n\n\n\n<p>O usuario sabe e acepta que todo o sitio web, que cont\u00e9n sen ser exhaustivo o texto, software, contido (inclu\u00edndo estrutura, selecci\u00f3n, ordenaci\u00f3n e presentaci\u00f3n do mesmo), podcast, fotograf\u00edas, material audiovisual e gr\u00e1ficos, est\u00e1 protexido por marcas, dereitos de autor. e outros dereitos lex\u00edtimos, de acordo cos tratados internacionais dos que Espa\u00f1a sexa parte e outros dereitos de propiedade e leis espa\u00f1olas.<\/p>\n\n\n\n<p>No caso de que un usuario ou un terceiro considere que se produciu unha vulneraci\u00f3n dos seus lex\u00edtimos dereitos de propiedade intelectual pola introduci\u00f3n de determinados contidos na web, deber\u00e1 comunicar a dita circunstancia a Benito \u00c1lvarez G\u00e1ndara, indicando:<\/p>\n\n\n\n<ul class=\"wp-block-list\">\n<li>Datos persoais do interesado titular dos dereitos supostamente infrinxidos, ou indicar a representaci\u00f3n coa que act\u00faa no caso de que a reclamaci\u00f3n sexa presentada por un terceiro distinto do interesado.<\/li>\n\n\n\n<li>Indique os contidos protexidos polos dereitos de propiedade intelectual e a s\u00faa localizaci\u00f3n na web, a acreditaci\u00f3n dos indicados dereitos de propiedade intelectual e unha declaraci\u00f3n expresa na que o interesado se responsabiliza da veracidade dos datos facilitados na notificaci\u00f3n.<\/li>\n<\/ul>\n\n\n\n<p><strong>Exclusi\u00f3n de garant\u00edas e responsable<\/strong><\/p>\n\n\n\n<p><strong>Benito \u00c1lvarez G\u00e1ndara non outorga garant\u00eda ningunha nin se fai responsable, en ning\u00fan caso, dos danos e prexu\u00edzos de calquera natureza que puidesen ocasionar:<\/strong><\/p>\n\n\n\n<ul class=\"wp-block-list\">\n<li>A falta de dispo\u00f1ibilidade, mantemento e funcionamento efectivo da web, ou dos seus servizos e contidos;<\/li>\n\n\n\n<li>A existencia de malware, programas maliciosos ou dani\u00f1os nos contidos;<\/li>\n\n\n\n<li>O uso ilegal, neglixente, fraudulento ou contrario deste Aviso Legal;<\/li>\n\n\n\n<li>A falta de legalidade, calidade, fiabilidade, utilidade e dispo\u00f1ibilidade dos servizos prestados por terceiros e postos a disposici\u00f3n dos usuarios no sitio web.<\/li>\n\n\n\n<li>O provedor non se fai responsable en ning\u00fan caso dos danos que poidan derivarse do uso ilegal ou indebido deste sitio web.<\/li>\n<\/ul>\n\n\n\n<p><strong>Lei vixente e xurisdici\u00f3n<\/strong><\/p>\n\n\n\n<p>Con car\u00e1cter xeral, as relaci\u00f3ns entre Benito \u00c1lvarez G\u00e1ndara e os usuarios dos seus servizos telem\u00e1ticos, presentes neste sitio web, est\u00e1n sometidas \u00e1 lexislaci\u00f3n e xurisdici\u00f3n espa\u00f1olas e aos xulgados de Girona.<\/p>\n\n\n\n<p><strong>Contacto<\/strong><\/p>\n\n\n\n<p>Se alg\u00fan usuario ten algunha d\u00fabida sobre estas Condici\u00f3ns legais ou alg\u00fan comentario sobre o portal https:\/\/www.adegapateira.com, p\u00f3\u00f1ase en contacto con info@adegapateira.com.<\/p>\n","protected":false},"excerpt":{"rendered":"<p>Datos do Responsable Neste espazo, o usuario poder\u00e1 atopar toda a informaci\u00f3n relacionada cos termos e condici\u00f3ns legais que definen as relaci\u00f3ns entre os usuarios e eu como responsable deste sitio web. Como usuario, \u00e9 importante que co\u00f1ezas estes termos antes de continuar coa t\u00faa navegaci\u00f3n. Benito \u00c1lvarez G\u00e1ndara, como responsable desta web, asumo o [&hellip;]<\/p>\n","protected":false},"author":1,"featured_media":0,"parent":0,"menu_order":0,"comment_status":"closed","ping_status":"closed","template":"","meta":{"_joinchat":[],"footnotes":""},"class_list":["post-612","page","type-page","status-publish","hentry"],"yoast_head":"<!-- This site is optimized with the Yoast SEO plugin v25.4 - https:\/\/yoast.com\/wordpress\/plugins\/seo\/ -->\n<title>Aviso legal - Adega Pateira<\/title>\n<meta name=\"robots\" content=\"noindex, follow\" \/>\n<meta property=\"og:locale\" content=\"gl_ES\" \/>\n<meta property=\"og:type\" content=\"article\" \/>\n<meta property=\"og:title\" content=\"Aviso legal - Adega Pateira\" \/>\n<meta property=\"og:description\" content=\"Datos do Responsable Neste espazo, o usuario poder\u00e1 atopar toda a informaci\u00f3n relacionada cos termos e condici\u00f3ns legais que definen as relaci\u00f3ns entre os usuarios e eu como responsable deste sitio web. Como usuario, \u00e9 importante que co\u00f1ezas estes termos antes de continuar coa t\u00faa navegaci\u00f3n. Benito \u00c1lvarez G\u00e1ndara, como responsable desta web, asumo o [&hellip;]\" \/>\n<meta property=\"og:url\" content=\"https:\/\/www.adegapateira.com\/gl\/aviso-legal\/\" \/>\n<meta property=\"og:site_name\" content=\"Adega Pateira\" \/>\n<meta property=\"article:publisher\" content=\"https:\/\/www.facebook.com\/Adegapateira\/\" \/>\n<meta property=\"article:modified_time\" content=\"2023-05-05T14:38:15+00:00\" \/>\n<meta name=\"twitter:card\" content=\"summary_large_image\" \/>\n<meta name=\"twitter:label1\" content=\"Tempo de lectura\" \/>\n\t<meta name=\"twitter:data1\" content=\"5 minutos\" \/>\n<script type=\"application\/ld+json\" class=\"yoast-schema-graph\">{\"@context\":\"https:\/\/schema.org\",\"@graph\":[{\"@type\":\"WebPage\",\"@id\":\"https:\/\/www.adegapateira.com\/gl\/aviso-legal\/\",\"url\":\"https:\/\/www.adegapateira.com\/gl\/aviso-legal\/\",\"name\":\"Aviso legal - Adega Pateira\",\"isPartOf\":{\"@id\":\"https:\/\/www.adegapateira.com\/#website\"},\"datePublished\":\"2023-03-24T10:50:57+00:00\",\"dateModified\":\"2023-05-05T14:38:15+00:00\",\"breadcrumb\":{\"@id\":\"https:\/\/www.adegapateira.com\/gl\/aviso-legal\/#breadcrumb\"},\"inLanguage\":\"gl-ES\",\"potentialAction\":[{\"@type\":\"ReadAction\",\"target\":[\"https:\/\/www.adegapateira.com\/gl\/aviso-legal\/\"]}]},{\"@type\":\"BreadcrumbList\",\"@id\":\"https:\/\/www.adegapateira.com\/gl\/aviso-legal\/#breadcrumb\",\"itemListElement\":[{\"@type\":\"ListItem\",\"position\":1,\"name\":\"Portada\",\"item\":\"https:\/\/www.adegapateira.com\/gl\/tenda\/\"},{\"@type\":\"ListItem\",\"position\":2,\"name\":\"Aviso legal\"}]},{\"@type\":\"WebSite\",\"@id\":\"https:\/\/www.adegapateira.com\/#website\",\"url\":\"https:\/\/www.adegapateira.com\/\",\"name\":\"Adega Pateira\",\"description\":\"Bodega vino o Rosal, vino de autor\",\"publisher\":{\"@id\":\"https:\/\/www.adegapateira.com\/#organization\"},\"potentialAction\":[{\"@type\":\"SearchAction\",\"target\":{\"@type\":\"EntryPoint\",\"urlTemplate\":\"https:\/\/www.adegapateira.com\/?s={search_term_string}\"},\"query-input\":{\"@type\":\"PropertyValueSpecification\",\"valueRequired\":true,\"valueName\":\"search_term_string\"}}],\"inLanguage\":\"gl-ES\"},{\"@type\":\"Organization\",\"@id\":\"https:\/\/www.adegapateira.com\/#organization\",\"name\":\"Adega Pateira\",\"alternateName\":\"Adega Pateira\",\"url\":\"https:\/\/www.adegapateira.com\/\",\"logo\":{\"@type\":\"ImageObject\",\"inLanguage\":\"gl-ES\",\"@id\":\"https:\/\/www.adegapateira.com\/#\/schema\/logo\/image\/\",\"url\":\"https:\/\/www.adegapateira.com\/wp-content\/uploads\/2023\/01\/logo-adega-pateira-cuadrado.jpg\",\"contentUrl\":\"https:\/\/www.adegapateira.com\/wp-content\/uploads\/2023\/01\/logo-adega-pateira-cuadrado.jpg\",\"width\":209,\"height\":256,\"caption\":\"Adega Pateira\"},\"image\":{\"@id\":\"https:\/\/www.adegapateira.com\/#\/schema\/logo\/image\/\"},\"sameAs\":[\"https:\/\/www.facebook.com\/Adegapateira\/\",\"https:\/\/www.instagram.com\/adegapateira\/?hl=es\"]}]}<\/script>\n<!-- \/ Yoast SEO plugin. -->","yoast_head_json":{"title":"Aviso legal - Adega Pateira","robots":{"index":"noindex","follow":"follow"},"og_locale":"gl_ES","og_type":"article","og_title":"Aviso legal - Adega Pateira","og_description":"Datos do Responsable Neste espazo, o usuario poder\u00e1 atopar toda a informaci\u00f3n relacionada cos termos e condici\u00f3ns legais que definen as relaci\u00f3ns entre os usuarios e eu como responsable deste sitio web. Como usuario, \u00e9 importante que co\u00f1ezas estes termos antes de continuar coa t\u00faa navegaci\u00f3n. Benito \u00c1lvarez G\u00e1ndara, como responsable desta web, asumo o [&hellip;]","og_url":"https:\/\/www.adegapateira.com\/gl\/aviso-legal\/","og_site_name":"Adega Pateira","article_publisher":"https:\/\/www.facebook.com\/Adegapateira\/","article_modified_time":"2023-05-05T14:38:15+00:00","twitter_card":"summary_large_image","twitter_misc":{"Tempo de lectura":"5 minutos"},"schema":{"@context":"https:\/\/schema.org","@graph":[{"@type":"WebPage","@id":"https:\/\/www.adegapateira.com\/gl\/aviso-legal\/","url":"https:\/\/www.adegapateira.com\/gl\/aviso-legal\/","name":"Aviso legal - Adega Pateira","isPartOf":{"@id":"https:\/\/www.adegapateira.com\/#website"},"datePublished":"2023-03-24T10:50:57+00:00","dateModified":"2023-05-05T14:38:15+00:00","breadcrumb":{"@id":"https:\/\/www.adegapateira.com\/gl\/aviso-legal\/#breadcrumb"},"inLanguage":"gl-ES","potentialAction":[{"@type":"ReadAction","target":["https:\/\/www.adegapateira.com\/gl\/aviso-legal\/"]}]},{"@type":"BreadcrumbList","@id":"https:\/\/www.adegapateira.com\/gl\/aviso-legal\/#breadcrumb","itemListElement":[{"@type":"ListItem","position":1,"name":"Portada","item":"https:\/\/www.adegapateira.com\/gl\/tenda\/"},{"@type":"ListItem","position":2,"name":"Aviso legal"}]},{"@type":"WebSite","@id":"https:\/\/www.adegapateira.com\/#website","url":"https:\/\/www.adegapateira.com\/","name":"Adega Pateira","description":"Bodega vino o Rosal, vino de autor","publisher":{"@id":"https:\/\/www.adegapateira.com\/#organization"},"potentialAction":[{"@type":"SearchAction","target":{"@type":"EntryPoint","urlTemplate":"https:\/\/www.adegapateira.com\/?s={search_term_string}"},"query-input":{"@type":"PropertyValueSpecification","valueRequired":true,"valueName":"search_term_string"}}],"inLanguage":"gl-ES"},{"@type":"Organization","@id":"https:\/\/www.adegapateira.com\/#organization","name":"Adega Pateira","alternateName":"Adega Pateira","url":"https:\/\/www.adegapateira.com\/","logo":{"@type":"ImageObject","inLanguage":"gl-ES","@id":"https:\/\/www.adegapateira.com\/#\/schema\/logo\/image\/","url":"https:\/\/www.adegapateira.com\/wp-content\/uploads\/2023\/01\/logo-adega-pateira-cuadrado.jpg","contentUrl":"https:\/\/www.adegapateira.com\/wp-content\/uploads\/2023\/01\/logo-adega-pateira-cuadrado.jpg","width":209,"height":256,"caption":"Adega Pateira"},"image":{"@id":"https:\/\/www.adegapateira.com\/#\/schema\/logo\/image\/"},"sameAs":["https:\/\/www.facebook.com\/Adegapateira\/","https:\/\/www.instagram.com\/adegapateira\/?hl=es"]}]}},"_links":{"self":[{"href":"https:\/\/www.adegapateira.com\/gl\/wp-json\/wp\/v2\/pages\/612","targetHints":{"allow":["GET"]}}],"collection":[{"href":"https:\/\/www.adegapateira.com\/gl\/wp-json\/wp\/v2\/pages"}],"about":[{"href":"https:\/\/www.adegapateira.com\/gl\/wp-json\/wp\/v2\/types\/page"}],"author":[{"embeddable":true,"href":"https:\/\/www.adegapateira.com\/gl\/wp-json\/wp\/v2\/users\/1"}],"replies":[{"embeddable":true,"href":"https:\/\/www.adegapateira.com\/gl\/wp-json\/wp\/v2\/comments?post=612"}],"version-history":[{"count":1,"href":"https:\/\/www.adegapateira.com\/gl\/wp-json\/wp\/v2\/pages\/612\/revisions"}],"predecessor-version":[{"id":623,"href":"https:\/\/www.adegapateira.com\/gl\/wp-json\/wp\/v2\/pages\/612\/revisions\/623"}],"wp:attachment":[{"href":"https:\/\/www.adegapateira.com\/gl\/wp-json\/wp\/v2\/media?parent=612"}],"curies":[{"name":"wp","href":"https:\/\/api.w.org\/{rel}","templated":true}]}}