{"id":607,"date":"2023-01-20T13:16:00","date_gmt":"2023-01-20T12:16:00","guid":{"rendered":"https:\/\/www.adegapateira.com\/tenda\/"},"modified":"2023-05-09T12:23:58","modified_gmt":"2023-05-09T10:23:58","slug":"tenda","status":"publish","type":"page","link":"https:\/\/www.adegapateira.com\/gl\/","title":{"rendered":"Tenda"},"content":{"rendered":"","protected":false},"excerpt":{"rendered":"","protected":false},"author":1,"featured_media":0,"parent":0,"menu_order":0,"comment_status":"closed","ping_status":"closed","template":"elementor_header_footer","meta":{"_joinchat":[],"footnotes":""},"class_list":["post-607","page","type-page","status-publish","hentry"],"yoast_head":"<!-- This site is optimized with the Yoast SEO plugin v25.4 - https:\/\/yoast.com\/wordpress\/plugins\/seo\/ -->\n<title>Vi\u00f1os - Adega Pateira<\/title>\n<meta name=\"description\" content=\"Descubre a mellor selecci\u00f3n de vi\u00f1os da Denominaci\u00f3n de Orixen O Rosal na nosa bodega familiar. Vis\u00edtanos e vive unha experiencia \u00fanica enol\u00f3xica.\" \/>\n<meta name=\"robots\" content=\"index, follow, max-snippet:-1, max-image-preview:large, max-video-preview:-1\" \/>\n<link rel=\"canonical\" href=\"https:\/\/www.adegapateira.com\/gl\/tenda\/\" \/>\n<meta property=\"og:locale\" content=\"gl_ES\" \/>\n<meta property=\"og:type\" content=\"article\" \/>\n<meta property=\"og:title\" content=\"Vi\u00f1os - Adega Pateira\" \/>\n<meta property=\"og:description\" content=\"Descubre a mellor selecci\u00f3n de vi\u00f1os da Denominaci\u00f3n de Orixen O Rosal na nosa bodega familiar. Vis\u00edtanos e vive unha experiencia \u00fanica enol\u00f3xica.\" \/>\n<meta property=\"og:url\" content=\"https:\/\/www.adegapateira.com\/gl\/tenda\/\" \/>\n<meta property=\"og:site_name\" content=\"Adega Pateira\" \/>\n<meta property=\"article:publisher\" content=\"https:\/\/www.facebook.com\/Adegapateira\/\" \/>\n<meta property=\"article:modified_time\" content=\"2023-05-09T10:23:58+00:00\" \/>\n<meta name=\"twitter:card\" content=\"summary_large_image\" \/>\n<script type=\"application\/ld+json\" class=\"yoast-schema-graph\">{\"@context\":\"https:\/\/schema.org\",\"@graph\":[{\"@type\":\"WebPage\",\"@id\":\"https:\/\/www.adegapateira.com\/gl\/tenda\/\",\"url\":\"https:\/\/www.adegapateira.com\/gl\/tenda\/\",\"name\":\"Vi\u00f1os - Adega Pateira\",\"isPartOf\":{\"@id\":\"https:\/\/www.adegapateira.com\/#website\"},\"datePublished\":\"2023-01-20T12:16:00+00:00\",\"dateModified\":\"2023-05-09T10:23:58+00:00\",\"description\":\"Descubre a mellor selecci\u00f3n de vi\u00f1os da Denominaci\u00f3n de Orixen O Rosal na nosa bodega familiar. Vis\u00edtanos e vive unha experiencia \u00fanica enol\u00f3xica.\",\"breadcrumb\":{\"@id\":\"https:\/\/www.adegapateira.com\/gl\/tenda\/#breadcrumb\"},\"inLanguage\":\"gl-ES\",\"potentialAction\":[{\"@type\":\"ReadAction\",\"target\":[\"https:\/\/www.adegapateira.com\/gl\/tenda\/\"]}]},{\"@type\":\"BreadcrumbList\",\"@id\":\"https:\/\/www.adegapateira.com\/gl\/tenda\/#breadcrumb\",\"itemListElement\":[{\"@type\":\"ListItem\",\"position\":1,\"name\":\"Portada\",\"item\":\"https:\/\/www.adegapateira.com\/gl\/tenda\/\"},{\"@type\":\"ListItem\",\"position\":2,\"name\":\"Tenda\"}]},{\"@type\":\"WebSite\",\"@id\":\"https:\/\/www.adegapateira.com\/#website\",\"url\":\"https:\/\/www.adegapateira.com\/\",\"name\":\"Adega Pateira\",\"description\":\"Bodega vino o Rosal, vino de autor\",\"publisher\":{\"@id\":\"https:\/\/www.adegapateira.com\/#organization\"},\"potentialAction\":[{\"@type\":\"SearchAction\",\"target\":{\"@type\":\"EntryPoint\",\"urlTemplate\":\"https:\/\/www.adegapateira.com\/?s={search_term_string}\"},\"query-input\":{\"@type\":\"PropertyValueSpecification\",\"valueRequired\":true,\"valueName\":\"search_term_string\"}}],\"inLanguage\":\"gl-ES\"},{\"@type\":\"Organization\",\"@id\":\"https:\/\/www.adegapateira.com\/#organization\",\"name\":\"Adega Pateira\",\"alternateName\":\"Adega Pateira\",\"url\":\"https:\/\/www.adegapateira.com\/\",\"logo\":{\"@type\":\"ImageObject\",\"inLanguage\":\"gl-ES\",\"@id\":\"https:\/\/www.adegapateira.com\/#\/schema\/logo\/image\/\",\"url\":\"https:\/\/www.adegapateira.com\/wp-content\/uploads\/2023\/01\/logo-adega-pateira-cuadrado.jpg\",\"contentUrl\":\"https:\/\/www.adegapateira.com\/wp-content\/uploads\/2023\/01\/logo-adega-pateira-cuadrado.jpg\",\"width\":209,\"height\":256,\"caption\":\"Adega Pateira\"},\"image\":{\"@id\":\"https:\/\/www.adegapateira.com\/#\/schema\/logo\/image\/\"},\"sameAs\":[\"https:\/\/www.facebook.com\/Adegapateira\/\",\"https:\/\/www.instagram.com\/adegapateira\/?hl=es\"]}]}<\/script>\n<!-- \/ Yoast SEO plugin. -->","yoast_head_json":{"title":"Vi\u00f1os - Adega Pateira","description":"Descubre a mellor selecci\u00f3n de vi\u00f1os da Denominaci\u00f3n de Orixen O Rosal na nosa bodega familiar. Vis\u00edtanos e vive unha experiencia \u00fanica enol\u00f3xica.","robots":{"index":"index","follow":"follow","max-snippet":"max-snippet:-1","max-image-preview":"max-image-preview:large","max-video-preview":"max-video-preview:-1"},"canonical":"https:\/\/www.adegapateira.com\/gl\/tenda\/","og_locale":"gl_ES","og_type":"article","og_title":"Vi\u00f1os - Adega Pateira","og_description":"Descubre a mellor selecci\u00f3n de vi\u00f1os da Denominaci\u00f3n de Orixen O Rosal na nosa bodega familiar. Vis\u00edtanos e vive unha experiencia \u00fanica enol\u00f3xica.","og_url":"https:\/\/www.adegapateira.com\/gl\/tenda\/","og_site_name":"Adega Pateira","article_publisher":"https:\/\/www.facebook.com\/Adegapateira\/","article_modified_time":"2023-05-09T10:23:58+00:00","twitter_card":"summary_large_image","schema":{"@context":"https:\/\/schema.org","@graph":[{"@type":"WebPage","@id":"https:\/\/www.adegapateira.com\/gl\/tenda\/","url":"https:\/\/www.adegapateira.com\/gl\/tenda\/","name":"Vi\u00f1os - Adega Pateira","isPartOf":{"@id":"https:\/\/www.adegapateira.com\/#website"},"datePublished":"2023-01-20T12:16:00+00:00","dateModified":"2023-05-09T10:23:58+00:00","description":"Descubre a mellor selecci\u00f3n de vi\u00f1os da Denominaci\u00f3n de Orixen O Rosal na nosa bodega familiar. Vis\u00edtanos e vive unha experiencia \u00fanica enol\u00f3xica.","breadcrumb":{"@id":"https:\/\/www.adegapateira.com\/gl\/tenda\/#breadcrumb"},"inLanguage":"gl-ES","potentialAction":[{"@type":"ReadAction","target":["https:\/\/www.adegapateira.com\/gl\/tenda\/"]}]},{"@type":"BreadcrumbList","@id":"https:\/\/www.adegapateira.com\/gl\/tenda\/#breadcrumb","itemListElement":[{"@type":"ListItem","position":1,"name":"Portada","item":"https:\/\/www.adegapateira.com\/gl\/tenda\/"},{"@type":"ListItem","position":2,"name":"Tenda"}]},{"@type":"WebSite","@id":"https:\/\/www.adegapateira.com\/#website","url":"https:\/\/www.adegapateira.com\/","name":"Adega Pateira","description":"Bodega vino o Rosal, vino de autor","publisher":{"@id":"https:\/\/www.adegapateira.com\/#organization"},"potentialAction":[{"@type":"SearchAction","target":{"@type":"EntryPoint","urlTemplate":"https:\/\/www.adegapateira.com\/?s={search_term_string}"},"query-input":{"@type":"PropertyValueSpecification","valueRequired":true,"valueName":"search_term_string"}}],"inLanguage":"gl-ES"},{"@type":"Organization","@id":"https:\/\/www.adegapateira.com\/#organization","name":"Adega Pateira","alternateName":"Adega Pateira","url":"https:\/\/www.adegapateira.com\/","logo":{"@type":"ImageObject","inLanguage":"gl-ES","@id":"https:\/\/www.adegapateira.com\/#\/schema\/logo\/image\/","url":"https:\/\/www.adegapateira.com\/wp-content\/uploads\/2023\/01\/logo-adega-pateira-cuadrado.jpg","contentUrl":"https:\/\/www.adegapateira.com\/wp-content\/uploads\/2023\/01\/logo-adega-pateira-cuadrado.jpg","width":209,"height":256,"caption":"Adega Pateira"},"image":{"@id":"https:\/\/www.adegapateira.com\/#\/schema\/logo\/image\/"},"sameAs":["https:\/\/www.facebook.com\/Adegapateira\/","https:\/\/www.instagram.com\/adegapateira\/?hl=es"]}]}},"_links":{"self":[{"href":"https:\/\/www.adegapateira.com\/gl\/wp-json\/wp\/v2\/pages\/607","targetHints":{"allow":["GET"]}}],"collection":[{"href":"https:\/\/www.adegapateira.com\/gl\/wp-json\/wp\/v2\/pages"}],"about":[{"href":"https:\/\/www.adegapateira.com\/gl\/wp-json\/wp\/v2\/types\/page"}],"author":[{"embeddable":true,"href":"https:\/\/www.adegapateira.com\/gl\/wp-json\/wp\/v2\/users\/1"}],"replies":[{"embeddable":true,"href":"https:\/\/www.adegapateira.com\/gl\/wp-json\/wp\/v2\/comments?post=607"}],"version-history":[{"count":3,"href":"https:\/\/www.adegapateira.com\/gl\/wp-json\/wp\/v2\/pages\/607\/revisions"}],"predecessor-version":[{"id":781,"href":"https:\/\/www.adegapateira.com\/gl\/wp-json\/wp\/v2\/pages\/607\/revisions\/781"}],"wp:attachment":[{"href":"https:\/\/www.adegapateira.com\/gl\/wp-json\/wp\/v2\/media?parent=607"}],"curies":[{"name":"wp","href":"https:\/\/api.w.org\/{rel}","templated":true}]}}